{"id":1151,"date":"2020-12-16T11:27:35","date_gmt":"2020-12-16T14:27:35","guid":{"rendered":"http:\/\/bccenter.com.br\/site\/cursos-presenciais\/portugues-para-estrangeiros\/"},"modified":"2021-01-18T20:18:34","modified_gmt":"2021-01-18T23:18:34","slug":"portugues-para-estrangeiros","status":"publish","type":"page","link":"https:\/\/bccenter.com.br\/site\/cursos-presenciais\/portugues-para-estrangeiros\/?lang=en","title":{"rendered":"Portuguese for Foreigners"},"content":{"rendered":"\t\t<div data-elementor-type=\"wp-page\" data-elementor-id=\"1151\" class=\"elementor elementor-1151\" data-elementor-settings=\"{&quot;ha_cmc_init_switcher&quot;:&quot;no&quot;}\" data-elementor-post-type=\"page\">\n\t\t\t\t\t\t<section class=\"elementor-section elementor-top-section elementor-element elementor-element-3eb0fe5 elementor-section-height-min-height elementor-section-items-bottom elementor-section-content-middle elementor-section-boxed elementor-section-height-default\" data-id=\"3eb0fe5\" data-element_type=\"section\" data-e-type=\"section\" data-settings=\"{&quot;background_background&quot;:&quot;classic&quot;,&quot;_ha_eqh_enable&quot;:false}\">\n\t\t\t\t\t\t<div class=\"elementor-container elementor-column-gap-default\">\n\t\t\t\t\t<div class=\"elementor-column elementor-col-100 elementor-top-column elementor-element elementor-element-cbda908\" data-id=\"cbda908\" data-element_type=\"column\" data-e-type=\"column\">\n\t\t\t<div class=\"elementor-widget-wrap elementor-element-populated\">\n\t\t\t\t\t\t<div class=\"elementor-element elementor-element-7d0a6f1 elementor-widget elementor-widget-heading\" data-id=\"7d0a6f1\" data-element_type=\"widget\" data-e-type=\"widget\" data-widget_type=\"heading.default\">\n\t\t\t\t<div class=\"elementor-widget-container\">\n\t\t\t\t\t<h1 class=\"elementor-heading-title elementor-size-default\">PORTUGUESE FOR FOREIGNERS<\/h1>\t\t\t\t<\/div>\n\t\t\t\t<\/div>\n\t\t\t\t\t<\/div>\n\t\t<\/div>\n\t\t\t\t\t<\/div>\n\t\t<\/section>\n\t\t\t\t<section class=\"elementor-section elementor-top-section elementor-element elementor-element-27798c2 elementor-section-content-space-around elementor-section-boxed elementor-section-height-default elementor-section-height-default\" data-id=\"27798c2\" data-element_type=\"section\" data-e-type=\"section\" data-settings=\"{&quot;_ha_eqh_enable&quot;:false}\">\n\t\t\t\t\t\t<div class=\"elementor-container elementor-column-gap-default\">\n\t\t\t\t\t<div class=\"elementor-column elementor-col-50 elementor-top-column elementor-element elementor-element-5f61b72\" data-id=\"5f61b72\" data-element_type=\"column\" data-e-type=\"column\" data-settings=\"{&quot;background_background&quot;:&quot;classic&quot;}\">\n\t\t\t<div class=\"elementor-widget-wrap elementor-element-populated\">\n\t\t\t\t\t\t<div class=\"elementor-element elementor-element-6c0c627 elementor-widget elementor-widget-image\" data-id=\"6c0c627\" data-element_type=\"widget\" data-e-type=\"widget\" data-widget_type=\"image.default\">\n\t\t\t\t<div class=\"elementor-widget-container\">\n\t\t\t\t\t\t\t\t\t\t\t\t\t\t\t<img fetchpriority=\"high\" decoding=\"async\" width=\"837\" height=\"430\" src=\"https:\/\/bccenter.com.br\/site\/wp-content\/uploads\/2020\/12\/business-english-001.jpg\" class=\"attachment-large size-large wp-image-1451\" alt=\"\" srcset=\"https:\/\/bccenter.com.br\/site\/wp-content\/uploads\/2020\/12\/business-english-001.jpg 837w, https:\/\/bccenter.com.br\/site\/wp-content\/uploads\/2020\/12\/business-english-001-300x154.jpg 300w, https:\/\/bccenter.com.br\/site\/wp-content\/uploads\/2020\/12\/business-english-001-768x395.jpg 768w, https:\/\/bccenter.com.br\/site\/wp-content\/uploads\/2020\/12\/business-english-001-400x205.jpg 400w, https:\/\/bccenter.com.br\/site\/wp-content\/uploads\/2020\/12\/business-english-001-600x308.jpg 600w\" sizes=\"(max-width: 837px) 100vw, 837px\" \/>\t\t\t\t\t\t\t\t\t\t\t\t\t\t\t<\/div>\n\t\t\t\t<\/div>\n\t\t\t\t\t<\/div>\n\t\t<\/div>\n\t\t\t\t<div class=\"elementor-column elementor-col-50 elementor-top-column elementor-element elementor-element-60410ea\" data-id=\"60410ea\" data-element_type=\"column\" data-e-type=\"column\" data-settings=\"{&quot;background_background&quot;:&quot;classic&quot;}\">\n\t\t\t<div class=\"elementor-widget-wrap elementor-element-populated\">\n\t\t\t\t\t\t<div class=\"elementor-element elementor-element-9fda612 elementor-widget elementor-widget-text-editor\" data-id=\"9fda612\" data-element_type=\"widget\" data-e-type=\"widget\" data-widget_type=\"text-editor.default\">\n\t\t\t\t<div class=\"elementor-widget-container\">\n\t\t\t\t\t\t\t\t\t<p>O Programa de Portugu\u00eas para Estrangeiros, desenvolvido para profissionais e intercambistas, visa apresentar e desenvolver as 4 habilidades (escrita, fala, escuta e interpreta\u00e7\u00e3o) de modo gradual e contextualizada.<\/p><p>Criado, compilado e desenvolvido pela On The Road, o material utiliza a abordagem comunicativa, que tamb\u00e9m \u00e9 a base do ensino do Ingl\u00eas e dos outros idiomas em nossa Institui\u00e7\u00e3o de Ensino. Enquanto o aluno \u00e9 apresentado \u00e0s estruturas da l\u00edngua portuguesa, tamb\u00e9m lhe \u00e9 proporcionado viv\u00eancias culturais relacionadas ao ensino de portugu\u00eas para estrangeiros<\/p>\t\t\t\t\t\t\t\t<\/div>\n\t\t\t\t<\/div>\n\t\t\t\t\t<\/div>\n\t\t<\/div>\n\t\t\t\t\t<\/div>\n\t\t<\/section>\n\t\t\t\t<section class=\"elementor-section elementor-top-section elementor-element elementor-element-ff554a2 elementor-section-boxed elementor-section-height-default elementor-section-height-default\" data-id=\"ff554a2\" data-element_type=\"section\" data-e-type=\"section\" data-settings=\"{&quot;_ha_eqh_enable&quot;:false}\">\n\t\t\t\t\t\t<div class=\"elementor-container elementor-column-gap-extended\">\n\t\t\t\t\t<div class=\"elementor-column elementor-col-100 elementor-top-column elementor-element elementor-element-194e392\" data-id=\"194e392\" data-element_type=\"column\" data-e-type=\"column\" data-settings=\"{&quot;background_background&quot;:&quot;classic&quot;}\">\n\t\t\t<div class=\"elementor-widget-wrap elementor-element-populated\">\n\t\t\t\t\t\t<section class=\"elementor-section elementor-inner-section elementor-element elementor-element-98ca2ef elementor-section-boxed elementor-section-height-default elementor-section-height-default\" data-id=\"98ca2ef\" data-element_type=\"section\" data-e-type=\"section\" data-settings=\"{&quot;_ha_eqh_enable&quot;:false}\">\n\t\t\t\t\t\t<div class=\"elementor-container elementor-column-gap-wide\">\n\t\t\t\t\t<div class=\"elementor-column elementor-col-50 elementor-inner-column elementor-element elementor-element-fb368af\" data-id=\"fb368af\" data-element_type=\"column\" data-e-type=\"column\">\n\t\t\t<div class=\"elementor-widget-wrap elementor-element-populated\">\n\t\t\t\t\t\t<div class=\"elementor-element elementor-element-bae245b elementor-widget elementor-widget-heading\" data-id=\"bae245b\" data-element_type=\"widget\" data-e-type=\"widget\" data-widget_type=\"heading.default\">\n\t\t\t\t<div class=\"elementor-widget-container\">\n\t\t\t\t\t<h2 class=\"elementor-heading-title elementor-size-default\">Curso Personalizado<br>(VIP classe)<\/h2>\t\t\t\t<\/div>\n\t\t\t\t<\/div>\n\t\t\t\t<div class=\"elementor-element elementor-element-733b0a6 elementor-widget elementor-widget-text-editor\" data-id=\"733b0a6\" data-element_type=\"widget\" data-e-type=\"widget\" data-widget_type=\"text-editor.default\">\n\t\t\t\t<div class=\"elementor-widget-container\">\n\t\t\t\t\t\t\t\t\t<p>Os alunos interessados em desenvolver ou aprimorar habilidades e compet\u00eancias espec\u00edficas podem optar por aulas individuais. A partir de uma prova de nivelamento, o programa atender\u00e1 aos objetivos estabelecidos pelo aluno.<\/p>\t\t\t\t\t\t\t\t<\/div>\n\t\t\t\t<\/div>\n\t\t\t\t\t<\/div>\n\t\t<\/div>\n\t\t\t\t<div class=\"elementor-column elementor-col-50 elementor-inner-column elementor-element elementor-element-c565f61\" data-id=\"c565f61\" data-element_type=\"column\" data-e-type=\"column\">\n\t\t\t<div class=\"elementor-widget-wrap elementor-element-populated\">\n\t\t\t\t\t\t<div class=\"elementor-element elementor-element-5f4cf9d elementor-widget elementor-widget-heading\" data-id=\"5f4cf9d\" data-element_type=\"widget\" data-e-type=\"widget\" data-widget_type=\"heading.default\">\n\t\t\t\t<div class=\"elementor-widget-container\">\n\t\t\t\t\t<h2 class=\"elementor-heading-title elementor-size-default\">Cursos Intensivos de Portugu\u00eas para Estrangeiros<\/h2>\t\t\t\t<\/div>\n\t\t\t\t<\/div>\n\t\t\t\t<div class=\"elementor-element elementor-element-a1d36c7 elementor-widget elementor-widget-text-editor\" data-id=\"a1d36c7\" data-element_type=\"widget\" data-e-type=\"widget\" data-widget_type=\"text-editor.default\">\n\t\t\t\t<div class=\"elementor-widget-container\">\n\t\t\t\t\t\t\t\t\t<p>Atendendo ao n\u00edvel de profici\u00eancia de cada aluno, os cursos nos n\u00edveis b\u00e1sico e intermedi\u00e1rio s\u00e3o presenciais, com turmas de, no m\u00e1ximo, 12 alunos.<br \/>A dura\u00e7\u00e3o \u00e9 de 40 horas-aula por m\u00f3dulo e visa desenvolver as 4 habilidades (escrita, fala, escuta e interpreta\u00e7\u00e3o)<\/p>\t\t\t\t\t\t\t\t<\/div>\n\t\t\t\t<\/div>\n\t\t\t\t\t<\/div>\n\t\t<\/div>\n\t\t\t\t\t<\/div>\n\t\t<\/section>\n\t\t\t\t<section class=\"elementor-section elementor-inner-section elementor-element elementor-element-154ac7d elementor-section-boxed elementor-section-height-default elementor-section-height-default\" data-id=\"154ac7d\" data-element_type=\"section\" data-e-type=\"section\" data-settings=\"{&quot;background_background&quot;:&quot;classic&quot;,&quot;_ha_eqh_enable&quot;:false}\">\n\t\t\t\t\t\t<div class=\"elementor-container elementor-column-gap-default\">\n\t\t\t\t\t<div class=\"elementor-column elementor-col-50 elementor-inner-column elementor-element elementor-element-d68110c\" data-id=\"d68110c\" data-element_type=\"column\" data-e-type=\"column\" data-settings=\"{&quot;background_background&quot;:&quot;classic&quot;}\">\n\t\t\t<div class=\"elementor-widget-wrap elementor-element-populated\">\n\t\t\t\t\t\t<div class=\"elementor-element elementor-element-ce70281 elementor-widget elementor-widget-heading\" data-id=\"ce70281\" data-element_type=\"widget\" data-e-type=\"widget\" data-widget_type=\"heading.default\">\n\t\t\t\t<div class=\"elementor-widget-container\">\n\t\t\t\t\t<h3 class=\"elementor-heading-title elementor-size-default\">Curso de 40 horas: R$260,00 <\/h3>\t\t\t\t<\/div>\n\t\t\t\t<\/div>\n\t\t\t\t\t<\/div>\n\t\t<\/div>\n\t\t\t\t<div class=\"elementor-column elementor-col-50 elementor-inner-column elementor-element elementor-element-a1d8eb7\" data-id=\"a1d8eb7\" data-element_type=\"column\" data-e-type=\"column\" data-settings=\"{&quot;background_background&quot;:&quot;classic&quot;}\">\n\t\t\t<div class=\"elementor-widget-wrap elementor-element-populated\">\n\t\t\t\t\t\t<div class=\"elementor-element elementor-element-a8458d8 elementor-widget elementor-widget-heading\" data-id=\"a8458d8\" data-element_type=\"widget\" data-e-type=\"widget\" data-widget_type=\"heading.default\">\n\t\t\t\t<div class=\"elementor-widget-container\">\n\t\t\t\t\t<h3 class=\"elementor-heading-title elementor-size-default\">Aulas particulares: R$95,00\/hora<\/h3>\t\t\t\t<\/div>\n\t\t\t\t<\/div>\n\t\t\t\t\t<\/div>\n\t\t<\/div>\n\t\t\t\t\t<\/div>\n\t\t<\/section>\n\t\t\t\t\t<\/div>\n\t\t<\/div>\n\t\t\t\t\t<\/div>\n\t\t<\/section>\n\t\t\t\t<\/div>\n\t\t","protected":false},"excerpt":{"rendered":"<p>PORTUGUESE FOR FOREIGNERS O Programa de Portugu\u00eas para Estrangeiros, desenvolvido para profissionais e intercambistas, visa apresentar e desenvolver as 4 habilidades (escrita, fala, escuta e interpreta\u00e7\u00e3o) de modo gradual e contextualizada. Criado, compilado e desenvolvido pela On The Road, o material utiliza a abordagem comunicativa, que tamb\u00e9m \u00e9 a base do ensino do Ingl\u00eas e [&hellip;]<\/p>\n","protected":false},"author":1,"featured_media":0,"parent":883,"menu_order":0,"comment_status":"closed","ping_status":"closed","template":"elementor_header_footer","meta":{"site-sidebar-layout":"no-sidebar","site-content-layout":"page-builder","ast-site-content-layout":"default","site-content-style":"default","site-sidebar-style":"default","ast-global-header-display":"","ast-banner-title-visibility":"","ast-main-header-display":"","ast-hfb-above-header-display":"","ast-hfb-below-header-display":"","ast-hfb-mobile-header-display":"","site-post-title":"disabled","ast-breadcrumbs-content":"","ast-featured-img":"disabled","footer-sml-layout":"","ast-disable-related-posts":"","theme-transparent-header-meta":"default","adv-header-id-meta":"","stick-header-meta":"","header-above-stick-meta":"","header-main-stick-meta":"","header-below-stick-meta":"","astra-migrate-meta-layouts":"default","ast-page-background-enabled":"default","ast-page-background-meta":{"desktop":{"background-color":"var(--ast-global-color-4)","background-image":"","background-repeat":"repeat","background-position":"center center","background-size":"auto","background-attachment":"scroll","background-type":"","background-media":"","overlay-type":"","overlay-color":"","overlay-opacity":"","overlay-gradient":""},"tablet":{"background-color":"","background-image":"","background-repeat":"repeat","background-position":"center center","background-size":"auto","background-attachment":"scroll","background-type":"","background-media":"","overlay-type":"","overlay-color":"","overlay-opacity":"","overlay-gradient":""},"mobile":{"background-color":"","background-image":"","background-repeat":"repeat","background-position":"center center","background-size":"auto","background-attachment":"scroll","background-type":"","background-media":"","overlay-type":"","overlay-color":"","overlay-opacity":"","overlay-gradient":""}},"ast-content-background-meta":{"desktop":{"background-color":"var(--ast-global-color-5)","background-image":"","background-repeat":"repeat","background-position":"center center","background-size":"auto","background-attachment":"scroll","background-type":"","background-media":"","overlay-type":"","overlay-color":"","overlay-opacity":"","overlay-gradient":""},"tablet":{"background-color":"var(--ast-global-color-5)","background-image":"","background-repeat":"repeat","background-position":"center center","background-size":"auto","background-attachment":"scroll","background-type":"","background-media":"","overlay-type":"","overlay-color":"","overlay-opacity":"","overlay-gradient":""},"mobile":{"background-color":"var(--ast-global-color-5)","background-image":"","background-repeat":"repeat","background-position":"center center","background-size":"auto","background-attachment":"scroll","background-type":"","background-media":"","overlay-type":"","overlay-color":"","overlay-opacity":"","overlay-gradient":""}},"_joinchat":[],"footnotes":""},"class_list":["post-1151","page","type-page","status-publish","hentry"],"yoast_head":"<!-- This site is optimized with the Yoast SEO plugin v27.4 - https:\/\/yoast.com\/product\/yoast-seo-wordpress\/ -->\n<title>Portuguese for Foreigners - Ingl\u00eas em Curitiba | On The Road Business Center<\/title>\n<meta name=\"robots\" content=\"index, follow, max-snippet:-1, max-image-preview:large, max-video-preview:-1\" \/>\n<link rel=\"canonical\" href=\"https:\/\/bccenter.com.br\/site\/cursos-presenciais\/portugues-para-estrangeiros\/\" \/>\n<meta property=\"og:locale\" content=\"pt_BR\" \/>\n<meta property=\"og:type\" content=\"article\" \/>\n<meta property=\"og:title\" content=\"Portuguese for Foreigners - Ingl\u00eas em Curitiba | On The Road Business Center\" \/>\n<meta property=\"og:description\" content=\"PORTUGUESE FOR FOREIGNERS O Programa de Portugu\u00eas para Estrangeiros, desenvolvido para profissionais e intercambistas, visa apresentar e desenvolver as 4 habilidades (escrita, fala, escuta e interpreta\u00e7\u00e3o) de modo gradual e contextualizada. Criado, compilado e desenvolvido pela On The Road, o material utiliza a abordagem comunicativa, que tamb\u00e9m \u00e9 a base do ensino do Ingl\u00eas e [&hellip;]\" \/>\n<meta property=\"og:url\" content=\"https:\/\/bccenter.com.br\/site\/cursos-presenciais\/portugues-para-estrangeiros\/\" \/>\n<meta property=\"og:site_name\" content=\"Ingl\u00eas em Curitiba | On The Road Business Center\" \/>\n<meta property=\"article:publisher\" content=\"https:\/\/www.facebook.com\/ontheroad.bccenter\" \/>\n<meta property=\"article:modified_time\" content=\"2021-01-18T23:18:34+00:00\" \/>\n<meta property=\"og:image\" content=\"https:\/\/bccenter.com.br\/site\/wp-content\/uploads\/2020\/12\/business-english-001.jpg\" \/>\n<meta name=\"twitter:card\" content=\"summary_large_image\" \/>\n<meta name=\"twitter:site\" content=\"@ontheroadbcc\" \/>\n<meta name=\"twitter:label1\" content=\"Est. tempo de leitura\" \/>\n\t<meta name=\"twitter:data1\" content=\"1 minuto\" \/>\n<script type=\"application\/ld+json\" class=\"yoast-schema-graph\">{\"@context\":\"https:\\\/\\\/schema.org\",\"@graph\":[{\"@type\":\"WebPage\",\"@id\":\"https:\\\/\\\/bccenter.com.br\\\/site\\\/cursos-presenciais\\\/portugues-para-estrangeiros\\\/\",\"url\":\"https:\\\/\\\/bccenter.com.br\\\/site\\\/cursos-presenciais\\\/portugues-para-estrangeiros\\\/\",\"name\":\"Portuguese for Foreigners - Ingl\u00eas em Curitiba | On The Road Business Center\",\"isPartOf\":{\"@id\":\"https:\\\/\\\/bccenter.com.br\\\/site\\\/#website\"},\"primaryImageOfPage\":{\"@id\":\"https:\\\/\\\/bccenter.com.br\\\/site\\\/cursos-presenciais\\\/portugues-para-estrangeiros\\\/#primaryimage\"},\"image\":{\"@id\":\"https:\\\/\\\/bccenter.com.br\\\/site\\\/cursos-presenciais\\\/portugues-para-estrangeiros\\\/#primaryimage\"},\"thumbnailUrl\":\"https:\\\/\\\/bccenter.com.br\\\/site\\\/wp-content\\\/uploads\\\/2020\\\/12\\\/business-english-001.jpg\",\"datePublished\":\"2020-12-16T14:27:35+00:00\",\"dateModified\":\"2021-01-18T23:18:34+00:00\",\"breadcrumb\":{\"@id\":\"https:\\\/\\\/bccenter.com.br\\\/site\\\/cursos-presenciais\\\/portugues-para-estrangeiros\\\/#breadcrumb\"},\"inLanguage\":\"pt-BR\",\"potentialAction\":[{\"@type\":\"ReadAction\",\"target\":[\"https:\\\/\\\/bccenter.com.br\\\/site\\\/cursos-presenciais\\\/portugues-para-estrangeiros\\\/\"]}]},{\"@type\":\"ImageObject\",\"inLanguage\":\"pt-BR\",\"@id\":\"https:\\\/\\\/bccenter.com.br\\\/site\\\/cursos-presenciais\\\/portugues-para-estrangeiros\\\/#primaryimage\",\"url\":\"https:\\\/\\\/bccenter.com.br\\\/site\\\/wp-content\\\/uploads\\\/2020\\\/12\\\/business-english-001.jpg\",\"contentUrl\":\"https:\\\/\\\/bccenter.com.br\\\/site\\\/wp-content\\\/uploads\\\/2020\\\/12\\\/business-english-001.jpg\",\"width\":837,\"height\":430},{\"@type\":\"BreadcrumbList\",\"@id\":\"https:\\\/\\\/bccenter.com.br\\\/site\\\/cursos-presenciais\\\/portugues-para-estrangeiros\\\/#breadcrumb\",\"itemListElement\":[{\"@type\":\"ListItem\",\"position\":1,\"name\":\"In\u00edcio\",\"item\":\"https:\\\/\\\/bccenter.com.br\\\/site\\\/\"},{\"@type\":\"ListItem\",\"position\":2,\"name\":\"Classroon Courses\",\"item\":\"https:\\\/\\\/bccenter.com.br\\\/site\\\/cursos-presenciais\\\/?lang=en\"},{\"@type\":\"ListItem\",\"position\":3,\"name\":\"Portuguese for Foreigners\"}]},{\"@type\":\"WebSite\",\"@id\":\"https:\\\/\\\/bccenter.com.br\\\/site\\\/#website\",\"url\":\"https:\\\/\\\/bccenter.com.br\\\/site\\\/\",\"name\":\"Ingl\u00eas em Curitiba | On The Road Business Center\",\"description\":\"\",\"publisher\":{\"@id\":\"https:\\\/\\\/bccenter.com.br\\\/site\\\/#organization\"},\"potentialAction\":[{\"@type\":\"SearchAction\",\"target\":{\"@type\":\"EntryPoint\",\"urlTemplate\":\"https:\\\/\\\/bccenter.com.br\\\/site\\\/?s={search_term_string}\"},\"query-input\":{\"@type\":\"PropertyValueSpecification\",\"valueRequired\":true,\"valueName\":\"search_term_string\"}}],\"inLanguage\":\"pt-BR\"},{\"@type\":\"Organization\",\"@id\":\"https:\\\/\\\/bccenter.com.br\\\/site\\\/#organization\",\"name\":\"On The Road - Business Comunication\",\"url\":\"https:\\\/\\\/bccenter.com.br\\\/site\\\/\",\"logo\":{\"@type\":\"ImageObject\",\"inLanguage\":\"pt-BR\",\"@id\":\"https:\\\/\\\/bccenter.com.br\\\/site\\\/#\\\/schema\\\/logo\\\/image\\\/\",\"url\":\"https:\\\/\\\/bccenter.com.br\\\/site\\\/wp-content\\\/uploads\\\/2021\\\/01\\\/logo-bc-center.png\",\"contentUrl\":\"https:\\\/\\\/bccenter.com.br\\\/site\\\/wp-content\\\/uploads\\\/2021\\\/01\\\/logo-bc-center.png\",\"width\":433,\"height\":108,\"caption\":\"On The Road - Business Comunication\"},\"image\":{\"@id\":\"https:\\\/\\\/bccenter.com.br\\\/site\\\/#\\\/schema\\\/logo\\\/image\\\/\"},\"sameAs\":[\"https:\\\/\\\/www.facebook.com\\\/ontheroad.bccenter\",\"https:\\\/\\\/x.com\\\/ontheroadbcc\"]}]}<\/script>\n<!-- \/ Yoast SEO plugin. -->","yoast_head_json":{"title":"Portuguese for Foreigners - Ingl\u00eas em Curitiba | On The Road Business Center","robots":{"index":"index","follow":"follow","max-snippet":"max-snippet:-1","max-image-preview":"max-image-preview:large","max-video-preview":"max-video-preview:-1"},"canonical":"https:\/\/bccenter.com.br\/site\/cursos-presenciais\/portugues-para-estrangeiros\/","og_locale":"pt_BR","og_type":"article","og_title":"Portuguese for Foreigners - Ingl\u00eas em Curitiba | On The Road Business Center","og_description":"PORTUGUESE FOR FOREIGNERS O Programa de Portugu\u00eas para Estrangeiros, desenvolvido para profissionais e intercambistas, visa apresentar e desenvolver as 4 habilidades (escrita, fala, escuta e interpreta\u00e7\u00e3o) de modo gradual e contextualizada. Criado, compilado e desenvolvido pela On The Road, o material utiliza a abordagem comunicativa, que tamb\u00e9m \u00e9 a base do ensino do Ingl\u00eas e [&hellip;]","og_url":"https:\/\/bccenter.com.br\/site\/cursos-presenciais\/portugues-para-estrangeiros\/","og_site_name":"Ingl\u00eas em Curitiba | On The Road Business Center","article_publisher":"https:\/\/www.facebook.com\/ontheroad.bccenter","article_modified_time":"2021-01-18T23:18:34+00:00","og_image":[{"url":"https:\/\/bccenter.com.br\/site\/wp-content\/uploads\/2020\/12\/business-english-001.jpg","type":"","width":"","height":""}],"twitter_card":"summary_large_image","twitter_site":"@ontheroadbcc","twitter_misc":{"Est. tempo de leitura":"1 minuto"},"schema":{"@context":"https:\/\/schema.org","@graph":[{"@type":"WebPage","@id":"https:\/\/bccenter.com.br\/site\/cursos-presenciais\/portugues-para-estrangeiros\/","url":"https:\/\/bccenter.com.br\/site\/cursos-presenciais\/portugues-para-estrangeiros\/","name":"Portuguese for Foreigners - Ingl\u00eas em Curitiba | On The Road Business Center","isPartOf":{"@id":"https:\/\/bccenter.com.br\/site\/#website"},"primaryImageOfPage":{"@id":"https:\/\/bccenter.com.br\/site\/cursos-presenciais\/portugues-para-estrangeiros\/#primaryimage"},"image":{"@id":"https:\/\/bccenter.com.br\/site\/cursos-presenciais\/portugues-para-estrangeiros\/#primaryimage"},"thumbnailUrl":"https:\/\/bccenter.com.br\/site\/wp-content\/uploads\/2020\/12\/business-english-001.jpg","datePublished":"2020-12-16T14:27:35+00:00","dateModified":"2021-01-18T23:18:34+00:00","breadcrumb":{"@id":"https:\/\/bccenter.com.br\/site\/cursos-presenciais\/portugues-para-estrangeiros\/#breadcrumb"},"inLanguage":"pt-BR","potentialAction":[{"@type":"ReadAction","target":["https:\/\/bccenter.com.br\/site\/cursos-presenciais\/portugues-para-estrangeiros\/"]}]},{"@type":"ImageObject","inLanguage":"pt-BR","@id":"https:\/\/bccenter.com.br\/site\/cursos-presenciais\/portugues-para-estrangeiros\/#primaryimage","url":"https:\/\/bccenter.com.br\/site\/wp-content\/uploads\/2020\/12\/business-english-001.jpg","contentUrl":"https:\/\/bccenter.com.br\/site\/wp-content\/uploads\/2020\/12\/business-english-001.jpg","width":837,"height":430},{"@type":"BreadcrumbList","@id":"https:\/\/bccenter.com.br\/site\/cursos-presenciais\/portugues-para-estrangeiros\/#breadcrumb","itemListElement":[{"@type":"ListItem","position":1,"name":"In\u00edcio","item":"https:\/\/bccenter.com.br\/site\/"},{"@type":"ListItem","position":2,"name":"Classroon Courses","item":"https:\/\/bccenter.com.br\/site\/cursos-presenciais\/?lang=en"},{"@type":"ListItem","position":3,"name":"Portuguese for Foreigners"}]},{"@type":"WebSite","@id":"https:\/\/bccenter.com.br\/site\/#website","url":"https:\/\/bccenter.com.br\/site\/","name":"Ingl\u00eas em Curitiba | On The Road Business Center","description":"","publisher":{"@id":"https:\/\/bccenter.com.br\/site\/#organization"},"potentialAction":[{"@type":"SearchAction","target":{"@type":"EntryPoint","urlTemplate":"https:\/\/bccenter.com.br\/site\/?s={search_term_string}"},"query-input":{"@type":"PropertyValueSpecification","valueRequired":true,"valueName":"search_term_string"}}],"inLanguage":"pt-BR"},{"@type":"Organization","@id":"https:\/\/bccenter.com.br\/site\/#organization","name":"On The Road - Business Comunication","url":"https:\/\/bccenter.com.br\/site\/","logo":{"@type":"ImageObject","inLanguage":"pt-BR","@id":"https:\/\/bccenter.com.br\/site\/#\/schema\/logo\/image\/","url":"https:\/\/bccenter.com.br\/site\/wp-content\/uploads\/2021\/01\/logo-bc-center.png","contentUrl":"https:\/\/bccenter.com.br\/site\/wp-content\/uploads\/2021\/01\/logo-bc-center.png","width":433,"height":108,"caption":"On The Road - Business Comunication"},"image":{"@id":"https:\/\/bccenter.com.br\/site\/#\/schema\/logo\/image\/"},"sameAs":["https:\/\/www.facebook.com\/ontheroad.bccenter","https:\/\/x.com\/ontheroadbcc"]}]}},"_links":{"self":[{"href":"https:\/\/bccenter.com.br\/site\/wp-json\/wp\/v2\/pages\/1151","targetHints":{"allow":["GET"]}}],"collection":[{"href":"https:\/\/bccenter.com.br\/site\/wp-json\/wp\/v2\/pages"}],"about":[{"href":"https:\/\/bccenter.com.br\/site\/wp-json\/wp\/v2\/types\/page"}],"author":[{"embeddable":true,"href":"https:\/\/bccenter.com.br\/site\/wp-json\/wp\/v2\/users\/1"}],"replies":[{"embeddable":true,"href":"https:\/\/bccenter.com.br\/site\/wp-json\/wp\/v2\/comments?post=1151"}],"version-history":[{"count":0,"href":"https:\/\/bccenter.com.br\/site\/wp-json\/wp\/v2\/pages\/1151\/revisions"}],"up":[{"embeddable":true,"href":"https:\/\/bccenter.com.br\/site\/wp-json\/wp\/v2\/pages\/883"}],"wp:attachment":[{"href":"https:\/\/bccenter.com.br\/site\/wp-json\/wp\/v2\/media?parent=1151"}],"curies":[{"name":"wp","href":"https:\/\/api.w.org\/{rel}","templated":true}]}}