{"id":1170,"date":"2020-12-16T11:37:16","date_gmt":"2020-12-16T14:37:16","guid":{"rendered":"http:\/\/bccenter.com.br\/site\/servicos\/certificacao-internacional\/"},"modified":"2021-01-12T18:00:52","modified_gmt":"2021-01-12T21:00:52","slug":"certificacao-internacional","status":"publish","type":"page","link":"https:\/\/bccenter.com.br\/site\/servicos\/certificacao-internacional\/?lang=en","title":{"rendered":"Certifica\u00e7\u00e3o Internacional"},"content":{"rendered":"\t\t<div data-elementor-type=\"wp-page\" data-elementor-id=\"1170\" class=\"elementor elementor-1170\" data-elementor-settings=\"{&quot;ha_cmc_init_switcher&quot;:&quot;no&quot;}\" data-elementor-post-type=\"page\">\n\t\t\t\t\t\t<section class=\"elementor-section elementor-top-section elementor-element elementor-element-657a4261 elementor-section-height-min-height elementor-section-items-bottom elementor-section-content-middle elementor-section-boxed elementor-section-height-default\" data-id=\"657a4261\" data-element_type=\"section\" data-e-type=\"section\" data-settings=\"{&quot;background_background&quot;:&quot;classic&quot;,&quot;_ha_eqh_enable&quot;:false}\">\n\t\t\t\t\t\t<div class=\"elementor-container elementor-column-gap-default\">\n\t\t\t\t\t<div class=\"elementor-column elementor-col-100 elementor-top-column elementor-element elementor-element-69d42dc5\" data-id=\"69d42dc5\" data-element_type=\"column\" data-e-type=\"column\">\n\t\t\t<div class=\"elementor-widget-wrap elementor-element-populated\">\n\t\t\t\t\t\t<div class=\"elementor-element elementor-element-480c524a elementor-widget elementor-widget-heading\" data-id=\"480c524a\" data-element_type=\"widget\" data-e-type=\"widget\" data-widget_type=\"heading.default\">\n\t\t\t\t<div class=\"elementor-widget-container\">\n\t\t\t\t\t<h1 class=\"elementor-heading-title elementor-size-default\">international certification<\/h1>\t\t\t\t<\/div>\n\t\t\t\t<\/div>\n\t\t\t\t\t<\/div>\n\t\t<\/div>\n\t\t\t\t\t<\/div>\n\t\t<\/section>\n\t\t\t\t<section class=\"elementor-section elementor-top-section elementor-element elementor-element-70a6210f elementor-section-content-middle elementor-section-boxed elementor-section-height-default elementor-section-height-default\" data-id=\"70a6210f\" data-element_type=\"section\" data-e-type=\"section\" data-settings=\"{&quot;_ha_eqh_enable&quot;:false}\">\n\t\t\t\t\t\t<div class=\"elementor-container elementor-column-gap-wide\">\n\t\t\t\t\t<div class=\"elementor-column elementor-col-50 elementor-top-column elementor-element elementor-element-fb63211\" data-id=\"fb63211\" data-element_type=\"column\" data-e-type=\"column\">\n\t\t\t<div class=\"elementor-widget-wrap elementor-element-populated\">\n\t\t\t\t\t\t<div class=\"elementor-element elementor-element-4d3f44ba elementor-widget elementor-widget-image\" data-id=\"4d3f44ba\" data-element_type=\"widget\" data-e-type=\"widget\" data-widget_type=\"image.default\">\n\t\t\t\t<div class=\"elementor-widget-container\">\n\t\t\t\t\t\t\t\t\t\t\t\t\t\t\t<img fetchpriority=\"high\" decoding=\"async\" width=\"1000\" height=\"1000\" src=\"https:\/\/bccenter.com.br\/site\/wp-content\/uploads\/2021\/01\/toefl_orig.jpg\" class=\"attachment-large size-large wp-image-1758\" alt=\"\" srcset=\"https:\/\/bccenter.com.br\/site\/wp-content\/uploads\/2021\/01\/toefl_orig.jpg 1000w, https:\/\/bccenter.com.br\/site\/wp-content\/uploads\/2021\/01\/toefl_orig-300x300.jpg 300w, https:\/\/bccenter.com.br\/site\/wp-content\/uploads\/2021\/01\/toefl_orig-150x150.jpg 150w, https:\/\/bccenter.com.br\/site\/wp-content\/uploads\/2021\/01\/toefl_orig-768x768.jpg 768w, https:\/\/bccenter.com.br\/site\/wp-content\/uploads\/2021\/01\/toefl_orig-600x600.jpg 600w, https:\/\/bccenter.com.br\/site\/wp-content\/uploads\/2021\/01\/toefl_orig-100x100.jpg 100w\" sizes=\"(max-width: 1000px) 100vw, 1000px\" \/>\t\t\t\t\t\t\t\t\t\t\t\t\t\t\t<\/div>\n\t\t\t\t<\/div>\n\t\t\t\t\t<\/div>\n\t\t<\/div>\n\t\t\t\t<div class=\"elementor-column elementor-col-50 elementor-top-column elementor-element elementor-element-23c26d56\" data-id=\"23c26d56\" data-element_type=\"column\" data-e-type=\"column\">\n\t\t\t<div class=\"elementor-widget-wrap elementor-element-populated\">\n\t\t\t\t\t\t<div class=\"elementor-element elementor-element-4ab7654e elementor-widget elementor-widget-text-editor\" data-id=\"4ab7654e\" data-element_type=\"widget\" data-e-type=\"widget\" data-widget_type=\"text-editor.default\">\n\t\t\t\t<div class=\"elementor-widget-container\">\n\t\t\t\t\t\t\t\t\t<p>Somos Certificadores Internacionais do TOEIC, TOEFL ITP e TIF. Nossos alunos e clientes podem tamb\u00e9m contar com aulas para o TOEFL IBT e IELTS. <br \/>Durante nossos anos de hist\u00f3ria criamos cursos de n\u00edveis avan\u00e7ados e adotamos O European Common Framework e os testes da Cambridge, FCE, CAE e CPE, sempre oferecidos a alunos e tamb\u00e9m professores. Em nossa grade constam os n\u00edveis atualmente com a seguinte carga hor\u00e1ria e hor\u00e1rios:<\/p><ul><li>FCE: 2 semestres de 50 horas &#8211; Quartas-feiras: das 7:00hs \u00e0s 22:00hs<\/li><li>CAE: Nenhuma turma no momento<\/li><li>CPE: 3 semestres de 50 horas &#8211; Sextas-feiras: das 14:30hs \u00e0s 16:30hs<\/li><\/ul><p>Para quando voc\u00ea precisa do seu teste? Ligue e agende conosco.<br \/><strong>Telefone: 3387-7007 \u2013 Whatsapp: 98812-7104<\/strong><\/p>\t\t\t\t\t\t\t\t<\/div>\n\t\t\t\t<\/div>\n\t\t\t\t<div class=\"elementor-element elementor-element-d4c5e73 elementor-align-left elementor-widget elementor-widget-button\" data-id=\"d4c5e73\" data-element_type=\"widget\" data-e-type=\"widget\" data-widget_type=\"button.default\">\n\t\t\t\t<div class=\"elementor-widget-container\">\n\t\t\t\t\t\t\t\t\t<div class=\"elementor-button-wrapper\">\n\t\t\t\t\t<a class=\"elementor-button elementor-button-link elementor-size-md\" href=\"https:\/\/bccenter.com.br\/site\/contato\/?lang=en\">\n\t\t\t\t\t\t<span class=\"elementor-button-content-wrapper\">\n\t\t\t\t\t\t\t\t\t<span class=\"elementor-button-text\">Contact Us<\/span>\n\t\t\t\t\t<\/span>\n\t\t\t\t\t<\/a>\n\t\t\t\t<\/div>\n\t\t\t\t\t\t\t\t<\/div>\n\t\t\t\t<\/div>\n\t\t\t\t\t<\/div>\n\t\t<\/div>\n\t\t\t\t\t<\/div>\n\t\t<\/section>\n\t\t\t\t<\/div>\n\t\t","protected":false},"excerpt":{"rendered":"<p>international certification Somos Certificadores Internacionais do TOEIC, TOEFL ITP e TIF. Nossos alunos e clientes podem tamb\u00e9m contar com aulas para o TOEFL IBT e IELTS. Durante nossos anos de hist\u00f3ria criamos cursos de n\u00edveis avan\u00e7ados e adotamos O European Common Framework e os testes da Cambridge, FCE, CAE e CPE, sempre oferecidos a alunos [&hellip;]<\/p>\n","protected":false},"author":1,"featured_media":0,"parent":1157,"menu_order":0,"comment_status":"closed","ping_status":"closed","template":"elementor_header_footer","meta":{"site-sidebar-layout":"no-sidebar","site-content-layout":"page-builder","ast-site-content-layout":"default","site-content-style":"default","site-sidebar-style":"default","ast-global-header-display":"","ast-banner-title-visibility":"","ast-main-header-display":"","ast-hfb-above-header-display":"","ast-hfb-below-header-display":"","ast-hfb-mobile-header-display":"","site-post-title":"disabled","ast-breadcrumbs-content":"","ast-featured-img":"disabled","footer-sml-layout":"","ast-disable-related-posts":"","theme-transparent-header-meta":"default","adv-header-id-meta":"","stick-header-meta":"","header-above-stick-meta":"","header-main-stick-meta":"","header-below-stick-meta":"","astra-migrate-meta-layouts":"default","ast-page-background-enabled":"default","ast-page-background-meta":{"desktop":{"background-color":"var(--ast-global-color-4)","background-image":"","background-repeat":"repeat","background-position":"center center","background-size":"auto","background-attachment":"scroll","background-type":"","background-media":"","overlay-type":"","overlay-color":"","overlay-opacity":"","overlay-gradient":""},"tablet":{"background-color":"","background-image":"","background-repeat":"repeat","background-position":"center center","background-size":"auto","background-attachment":"scroll","background-type":"","background-media":"","overlay-type":"","overlay-color":"","overlay-opacity":"","overlay-gradient":""},"mobile":{"background-color":"","background-image":"","background-repeat":"repeat","background-position":"center center","background-size":"auto","background-attachment":"scroll","background-type":"","background-media":"","overlay-type":"","overlay-color":"","overlay-opacity":"","overlay-gradient":""}},"ast-content-background-meta":{"desktop":{"background-color":"var(--ast-global-color-5)","background-image":"","background-repeat":"repeat","background-position":"center center","background-size":"auto","background-attachment":"scroll","background-type":"","background-media":"","overlay-type":"","overlay-color":"","overlay-opacity":"","overlay-gradient":""},"tablet":{"background-color":"var(--ast-global-color-5)","background-image":"","background-repeat":"repeat","background-position":"center center","background-size":"auto","background-attachment":"scroll","background-type":"","background-media":"","overlay-type":"","overlay-color":"","overlay-opacity":"","overlay-gradient":""},"mobile":{"background-color":"var(--ast-global-color-5)","background-image":"","background-repeat":"repeat","background-position":"center center","background-size":"auto","background-attachment":"scroll","background-type":"","background-media":"","overlay-type":"","overlay-color":"","overlay-opacity":"","overlay-gradient":""}},"_joinchat":[],"footnotes":""},"class_list":["post-1170","page","type-page","status-publish","hentry"],"yoast_head":"<!-- This site is optimized with the Yoast SEO plugin v27.4 - https:\/\/yoast.com\/product\/yoast-seo-wordpress\/ -->\n<title>Certifica\u00e7\u00e3o Internacional - Ingl\u00eas em Curitiba | On The Road Business Center<\/title>\n<meta name=\"robots\" content=\"index, follow, max-snippet:-1, max-image-preview:large, max-video-preview:-1\" \/>\n<link rel=\"canonical\" href=\"https:\/\/bccenter.com.br\/site\/servicos\/certificacao-internacional\/\" \/>\n<meta property=\"og:locale\" content=\"pt_BR\" \/>\n<meta property=\"og:type\" content=\"article\" \/>\n<meta property=\"og:title\" content=\"Certifica\u00e7\u00e3o Internacional - Ingl\u00eas em Curitiba | On The Road Business Center\" \/>\n<meta property=\"og:description\" content=\"international certification Somos Certificadores Internacionais do TOEIC, TOEFL ITP e TIF. Nossos alunos e clientes podem tamb\u00e9m contar com aulas para o TOEFL IBT e IELTS. Durante nossos anos de hist\u00f3ria criamos cursos de n\u00edveis avan\u00e7ados e adotamos O European Common Framework e os testes da Cambridge, FCE, CAE e CPE, sempre oferecidos a alunos [&hellip;]\" \/>\n<meta property=\"og:url\" content=\"https:\/\/bccenter.com.br\/site\/servicos\/certificacao-internacional\/\" \/>\n<meta property=\"og:site_name\" content=\"Ingl\u00eas em Curitiba | On The Road Business Center\" \/>\n<meta property=\"article:publisher\" content=\"https:\/\/www.facebook.com\/ontheroad.bccenter\" \/>\n<meta property=\"article:modified_time\" content=\"2021-01-12T21:00:52+00:00\" \/>\n<meta property=\"og:image\" content=\"https:\/\/bccenter.com.br\/site\/wp-content\/uploads\/2021\/01\/toefl_orig.jpg\" \/>\n<meta name=\"twitter:card\" content=\"summary_large_image\" \/>\n<meta name=\"twitter:site\" content=\"@ontheroadbcc\" \/>\n<meta name=\"twitter:label1\" content=\"Est. tempo de leitura\" \/>\n\t<meta name=\"twitter:data1\" content=\"1 minuto\" \/>\n<script type=\"application\/ld+json\" class=\"yoast-schema-graph\">{\"@context\":\"https:\\\/\\\/schema.org\",\"@graph\":[{\"@type\":\"WebPage\",\"@id\":\"https:\\\/\\\/bccenter.com.br\\\/site\\\/servicos\\\/certificacao-internacional\\\/\",\"url\":\"https:\\\/\\\/bccenter.com.br\\\/site\\\/servicos\\\/certificacao-internacional\\\/\",\"name\":\"Certifica\u00e7\u00e3o Internacional - Ingl\u00eas em Curitiba | On The Road Business Center\",\"isPartOf\":{\"@id\":\"https:\\\/\\\/bccenter.com.br\\\/site\\\/#website\"},\"primaryImageOfPage\":{\"@id\":\"https:\\\/\\\/bccenter.com.br\\\/site\\\/servicos\\\/certificacao-internacional\\\/#primaryimage\"},\"image\":{\"@id\":\"https:\\\/\\\/bccenter.com.br\\\/site\\\/servicos\\\/certificacao-internacional\\\/#primaryimage\"},\"thumbnailUrl\":\"https:\\\/\\\/bccenter.com.br\\\/site\\\/wp-content\\\/uploads\\\/2021\\\/01\\\/toefl_orig.jpg\",\"datePublished\":\"2020-12-16T14:37:16+00:00\",\"dateModified\":\"2021-01-12T21:00:52+00:00\",\"breadcrumb\":{\"@id\":\"https:\\\/\\\/bccenter.com.br\\\/site\\\/servicos\\\/certificacao-internacional\\\/#breadcrumb\"},\"inLanguage\":\"pt-BR\",\"potentialAction\":[{\"@type\":\"ReadAction\",\"target\":[\"https:\\\/\\\/bccenter.com.br\\\/site\\\/servicos\\\/certificacao-internacional\\\/\"]}]},{\"@type\":\"ImageObject\",\"inLanguage\":\"pt-BR\",\"@id\":\"https:\\\/\\\/bccenter.com.br\\\/site\\\/servicos\\\/certificacao-internacional\\\/#primaryimage\",\"url\":\"https:\\\/\\\/bccenter.com.br\\\/site\\\/wp-content\\\/uploads\\\/2021\\\/01\\\/toefl_orig.jpg\",\"contentUrl\":\"https:\\\/\\\/bccenter.com.br\\\/site\\\/wp-content\\\/uploads\\\/2021\\\/01\\\/toefl_orig.jpg\",\"width\":1000,\"height\":1000},{\"@type\":\"BreadcrumbList\",\"@id\":\"https:\\\/\\\/bccenter.com.br\\\/site\\\/servicos\\\/certificacao-internacional\\\/#breadcrumb\",\"itemListElement\":[{\"@type\":\"ListItem\",\"position\":1,\"name\":\"In\u00edcio\",\"item\":\"https:\\\/\\\/bccenter.com.br\\\/site\\\/\"},{\"@type\":\"ListItem\",\"position\":2,\"name\":\"Servi\u00e7os\",\"item\":\"https:\\\/\\\/bccenter.com.br\\\/site\\\/servicos\\\/?lang=en\"},{\"@type\":\"ListItem\",\"position\":3,\"name\":\"Certifica\u00e7\u00e3o Internacional\"}]},{\"@type\":\"WebSite\",\"@id\":\"https:\\\/\\\/bccenter.com.br\\\/site\\\/#website\",\"url\":\"https:\\\/\\\/bccenter.com.br\\\/site\\\/\",\"name\":\"Ingl\u00eas em Curitiba | On The Road Business Center\",\"description\":\"\",\"publisher\":{\"@id\":\"https:\\\/\\\/bccenter.com.br\\\/site\\\/#organization\"},\"potentialAction\":[{\"@type\":\"SearchAction\",\"target\":{\"@type\":\"EntryPoint\",\"urlTemplate\":\"https:\\\/\\\/bccenter.com.br\\\/site\\\/?s={search_term_string}\"},\"query-input\":{\"@type\":\"PropertyValueSpecification\",\"valueRequired\":true,\"valueName\":\"search_term_string\"}}],\"inLanguage\":\"pt-BR\"},{\"@type\":\"Organization\",\"@id\":\"https:\\\/\\\/bccenter.com.br\\\/site\\\/#organization\",\"name\":\"On The Road - Business Comunication\",\"url\":\"https:\\\/\\\/bccenter.com.br\\\/site\\\/\",\"logo\":{\"@type\":\"ImageObject\",\"inLanguage\":\"pt-BR\",\"@id\":\"https:\\\/\\\/bccenter.com.br\\\/site\\\/#\\\/schema\\\/logo\\\/image\\\/\",\"url\":\"https:\\\/\\\/bccenter.com.br\\\/site\\\/wp-content\\\/uploads\\\/2021\\\/01\\\/logo-bc-center.png\",\"contentUrl\":\"https:\\\/\\\/bccenter.com.br\\\/site\\\/wp-content\\\/uploads\\\/2021\\\/01\\\/logo-bc-center.png\",\"width\":433,\"height\":108,\"caption\":\"On The Road - Business Comunication\"},\"image\":{\"@id\":\"https:\\\/\\\/bccenter.com.br\\\/site\\\/#\\\/schema\\\/logo\\\/image\\\/\"},\"sameAs\":[\"https:\\\/\\\/www.facebook.com\\\/ontheroad.bccenter\",\"https:\\\/\\\/x.com\\\/ontheroadbcc\"]}]}<\/script>\n<!-- \/ Yoast SEO plugin. -->","yoast_head_json":{"title":"Certifica\u00e7\u00e3o Internacional - Ingl\u00eas em Curitiba | On The Road Business Center","robots":{"index":"index","follow":"follow","max-snippet":"max-snippet:-1","max-image-preview":"max-image-preview:large","max-video-preview":"max-video-preview:-1"},"canonical":"https:\/\/bccenter.com.br\/site\/servicos\/certificacao-internacional\/","og_locale":"pt_BR","og_type":"article","og_title":"Certifica\u00e7\u00e3o Internacional - Ingl\u00eas em Curitiba | On The Road Business Center","og_description":"international certification Somos Certificadores Internacionais do TOEIC, TOEFL ITP e TIF. Nossos alunos e clientes podem tamb\u00e9m contar com aulas para o TOEFL IBT e IELTS. Durante nossos anos de hist\u00f3ria criamos cursos de n\u00edveis avan\u00e7ados e adotamos O European Common Framework e os testes da Cambridge, FCE, CAE e CPE, sempre oferecidos a alunos [&hellip;]","og_url":"https:\/\/bccenter.com.br\/site\/servicos\/certificacao-internacional\/","og_site_name":"Ingl\u00eas em Curitiba | On The Road Business Center","article_publisher":"https:\/\/www.facebook.com\/ontheroad.bccenter","article_modified_time":"2021-01-12T21:00:52+00:00","og_image":[{"url":"https:\/\/bccenter.com.br\/site\/wp-content\/uploads\/2021\/01\/toefl_orig.jpg","type":"","width":"","height":""}],"twitter_card":"summary_large_image","twitter_site":"@ontheroadbcc","twitter_misc":{"Est. tempo de leitura":"1 minuto"},"schema":{"@context":"https:\/\/schema.org","@graph":[{"@type":"WebPage","@id":"https:\/\/bccenter.com.br\/site\/servicos\/certificacao-internacional\/","url":"https:\/\/bccenter.com.br\/site\/servicos\/certificacao-internacional\/","name":"Certifica\u00e7\u00e3o Internacional - Ingl\u00eas em Curitiba | On The Road Business Center","isPartOf":{"@id":"https:\/\/bccenter.com.br\/site\/#website"},"primaryImageOfPage":{"@id":"https:\/\/bccenter.com.br\/site\/servicos\/certificacao-internacional\/#primaryimage"},"image":{"@id":"https:\/\/bccenter.com.br\/site\/servicos\/certificacao-internacional\/#primaryimage"},"thumbnailUrl":"https:\/\/bccenter.com.br\/site\/wp-content\/uploads\/2021\/01\/toefl_orig.jpg","datePublished":"2020-12-16T14:37:16+00:00","dateModified":"2021-01-12T21:00:52+00:00","breadcrumb":{"@id":"https:\/\/bccenter.com.br\/site\/servicos\/certificacao-internacional\/#breadcrumb"},"inLanguage":"pt-BR","potentialAction":[{"@type":"ReadAction","target":["https:\/\/bccenter.com.br\/site\/servicos\/certificacao-internacional\/"]}]},{"@type":"ImageObject","inLanguage":"pt-BR","@id":"https:\/\/bccenter.com.br\/site\/servicos\/certificacao-internacional\/#primaryimage","url":"https:\/\/bccenter.com.br\/site\/wp-content\/uploads\/2021\/01\/toefl_orig.jpg","contentUrl":"https:\/\/bccenter.com.br\/site\/wp-content\/uploads\/2021\/01\/toefl_orig.jpg","width":1000,"height":1000},{"@type":"BreadcrumbList","@id":"https:\/\/bccenter.com.br\/site\/servicos\/certificacao-internacional\/#breadcrumb","itemListElement":[{"@type":"ListItem","position":1,"name":"In\u00edcio","item":"https:\/\/bccenter.com.br\/site\/"},{"@type":"ListItem","position":2,"name":"Servi\u00e7os","item":"https:\/\/bccenter.com.br\/site\/servicos\/?lang=en"},{"@type":"ListItem","position":3,"name":"Certifica\u00e7\u00e3o Internacional"}]},{"@type":"WebSite","@id":"https:\/\/bccenter.com.br\/site\/#website","url":"https:\/\/bccenter.com.br\/site\/","name":"Ingl\u00eas em Curitiba | On The Road Business Center","description":"","publisher":{"@id":"https:\/\/bccenter.com.br\/site\/#organization"},"potentialAction":[{"@type":"SearchAction","target":{"@type":"EntryPoint","urlTemplate":"https:\/\/bccenter.com.br\/site\/?s={search_term_string}"},"query-input":{"@type":"PropertyValueSpecification","valueRequired":true,"valueName":"search_term_string"}}],"inLanguage":"pt-BR"},{"@type":"Organization","@id":"https:\/\/bccenter.com.br\/site\/#organization","name":"On The Road - Business Comunication","url":"https:\/\/bccenter.com.br\/site\/","logo":{"@type":"ImageObject","inLanguage":"pt-BR","@id":"https:\/\/bccenter.com.br\/site\/#\/schema\/logo\/image\/","url":"https:\/\/bccenter.com.br\/site\/wp-content\/uploads\/2021\/01\/logo-bc-center.png","contentUrl":"https:\/\/bccenter.com.br\/site\/wp-content\/uploads\/2021\/01\/logo-bc-center.png","width":433,"height":108,"caption":"On The Road - Business Comunication"},"image":{"@id":"https:\/\/bccenter.com.br\/site\/#\/schema\/logo\/image\/"},"sameAs":["https:\/\/www.facebook.com\/ontheroad.bccenter","https:\/\/x.com\/ontheroadbcc"]}]}},"_links":{"self":[{"href":"https:\/\/bccenter.com.br\/site\/wp-json\/wp\/v2\/pages\/1170","targetHints":{"allow":["GET"]}}],"collection":[{"href":"https:\/\/bccenter.com.br\/site\/wp-json\/wp\/v2\/pages"}],"about":[{"href":"https:\/\/bccenter.com.br\/site\/wp-json\/wp\/v2\/types\/page"}],"author":[{"embeddable":true,"href":"https:\/\/bccenter.com.br\/site\/wp-json\/wp\/v2\/users\/1"}],"replies":[{"embeddable":true,"href":"https:\/\/bccenter.com.br\/site\/wp-json\/wp\/v2\/comments?post=1170"}],"version-history":[{"count":0,"href":"https:\/\/bccenter.com.br\/site\/wp-json\/wp\/v2\/pages\/1170\/revisions"}],"up":[{"embeddable":true,"href":"https:\/\/bccenter.com.br\/site\/wp-json\/wp\/v2\/pages\/1157"}],"wp:attachment":[{"href":"https:\/\/bccenter.com.br\/site\/wp-json\/wp\/v2\/media?parent=1170"}],"curies":[{"name":"wp","href":"https:\/\/api.w.org\/{rel}","templated":true}]}}