{"id":2071,"date":"2021-07-08T13:08:34","date_gmt":"2021-07-08T16:08:34","guid":{"rendered":"https:\/\/bccenter.com.br\/site\/?page_id=2071"},"modified":"2025-01-17T13:33:47","modified_gmt":"2025-01-17T16:33:47","slug":"general-english","status":"publish","type":"page","link":"https:\/\/bccenter.com.br\/site\/cursos-presenciais\/general-english\/","title":{"rendered":"General English"},"content":{"rendered":"\t\t<div data-elementor-type=\"wp-page\" data-elementor-id=\"2071\" class=\"elementor elementor-2071\" data-elementor-settings=\"{&quot;ha_cmc_init_switcher&quot;:&quot;no&quot;}\" data-elementor-post-type=\"page\">\n\t\t\t\t\t\t<section class=\"elementor-section elementor-top-section elementor-element elementor-element-17c4099a elementor-section-height-min-height elementor-section-items-bottom elementor-section-content-middle elementor-section-boxed elementor-section-height-default\" data-id=\"17c4099a\" data-element_type=\"section\" data-e-type=\"section\" data-settings=\"{&quot;background_background&quot;:&quot;classic&quot;,&quot;_ha_eqh_enable&quot;:false}\">\n\t\t\t\t\t\t<div class=\"elementor-container elementor-column-gap-default\">\n\t\t\t\t\t<div class=\"elementor-column elementor-col-100 elementor-top-column elementor-element elementor-element-125839b7\" data-id=\"125839b7\" data-element_type=\"column\" data-e-type=\"column\">\n\t\t\t<div class=\"elementor-widget-wrap elementor-element-populated\">\n\t\t\t\t\t\t<div class=\"elementor-element elementor-element-42ecc57f elementor-widget elementor-widget-heading\" data-id=\"42ecc57f\" data-element_type=\"widget\" data-e-type=\"widget\" data-widget_type=\"heading.default\">\n\t\t\t\t<div class=\"elementor-widget-container\">\n\t\t\t\t\t<h1 class=\"elementor-heading-title elementor-size-default\">General english<\/h1>\t\t\t\t<\/div>\n\t\t\t\t<\/div>\n\t\t\t\t\t<\/div>\n\t\t<\/div>\n\t\t\t\t\t<\/div>\n\t\t<\/section>\n\t\t\t\t<section class=\"elementor-section elementor-top-section elementor-element elementor-element-de7455f elementor-section-content-space-around elementor-section-boxed elementor-section-height-default elementor-section-height-default\" data-id=\"de7455f\" data-element_type=\"section\" data-e-type=\"section\" data-settings=\"{&quot;_ha_eqh_enable&quot;:false}\">\n\t\t\t\t\t\t<div class=\"elementor-container elementor-column-gap-default\">\n\t\t\t\t\t<div class=\"elementor-column elementor-col-50 elementor-top-column elementor-element elementor-element-883b1a7\" data-id=\"883b1a7\" data-element_type=\"column\" data-e-type=\"column\" data-settings=\"{&quot;background_background&quot;:&quot;classic&quot;}\">\n\t\t\t<div class=\"elementor-widget-wrap elementor-element-populated\">\n\t\t\t\t\t\t<div class=\"elementor-element elementor-element-03898aa elementor-widget elementor-widget-image\" data-id=\"03898aa\" data-element_type=\"widget\" data-e-type=\"widget\" data-widget_type=\"image.default\">\n\t\t\t\t<div class=\"elementor-widget-container\">\n\t\t\t\t\t\t\t\t\t\t\t\t\t\t\t<img fetchpriority=\"high\" decoding=\"async\" width=\"768\" height=\"1024\" src=\"https:\/\/bccenter.com.br\/site\/wp-content\/uploads\/2024\/10\/WhatsApp-Image-2024-10-08-at-20.03.54-1-768x1024.jpeg\" class=\"attachment-large size-large wp-image-2755\" alt=\"\" srcset=\"https:\/\/bccenter.com.br\/site\/wp-content\/uploads\/2024\/10\/WhatsApp-Image-2024-10-08-at-20.03.54-1-768x1024.jpeg 768w, https:\/\/bccenter.com.br\/site\/wp-content\/uploads\/2024\/10\/WhatsApp-Image-2024-10-08-at-20.03.54-1-225x300.jpeg 225w, https:\/\/bccenter.com.br\/site\/wp-content\/uploads\/2024\/10\/WhatsApp-Image-2024-10-08-at-20.03.54-1-300x400.jpeg 300w, https:\/\/bccenter.com.br\/site\/wp-content\/uploads\/2024\/10\/WhatsApp-Image-2024-10-08-at-20.03.54-1-1152x1536.jpeg 1152w, https:\/\/bccenter.com.br\/site\/wp-content\/uploads\/2024\/10\/WhatsApp-Image-2024-10-08-at-20.03.54-1-600x800.jpeg 600w, https:\/\/bccenter.com.br\/site\/wp-content\/uploads\/2024\/10\/WhatsApp-Image-2024-10-08-at-20.03.54-1.jpeg 1440w\" sizes=\"(max-width: 768px) 100vw, 768px\" \/>\t\t\t\t\t\t\t\t\t\t\t\t\t\t\t<\/div>\n\t\t\t\t<\/div>\n\t\t\t\t\t<\/div>\n\t\t<\/div>\n\t\t\t\t<div class=\"elementor-column elementor-col-50 elementor-top-column elementor-element elementor-element-1f99cb2\" data-id=\"1f99cb2\" data-element_type=\"column\" data-e-type=\"column\" data-settings=\"{&quot;background_background&quot;:&quot;classic&quot;}\">\n\t\t\t<div class=\"elementor-widget-wrap elementor-element-populated\">\n\t\t\t\t\t\t<section class=\"elementor-section elementor-inner-section elementor-element elementor-element-eef825e elementor-section-boxed elementor-section-height-default elementor-section-height-default\" data-id=\"eef825e\" data-element_type=\"section\" data-e-type=\"section\" data-settings=\"{&quot;_ha_eqh_enable&quot;:false}\">\n\t\t\t\t\t\t<div class=\"elementor-container elementor-column-gap-default\">\n\t\t\t\t\t<div class=\"elementor-column elementor-col-50 elementor-inner-column elementor-element elementor-element-73fbf70\" data-id=\"73fbf70\" data-element_type=\"column\" data-e-type=\"column\">\n\t\t\t<div class=\"elementor-widget-wrap elementor-element-populated\">\n\t\t\t\t\t\t<div class=\"elementor-element elementor-element-fc26f6c elementor-widget elementor-widget-heading\" data-id=\"fc26f6c\" data-element_type=\"widget\" data-e-type=\"widget\" data-widget_type=\"heading.default\">\n\t\t\t\t<div class=\"elementor-widget-container\">\n\t\t\t\t\t<h2 class=\"elementor-heading-title elementor-size-default\">General English<\/h2>\t\t\t\t<\/div>\n\t\t\t\t<\/div>\n\t\t\t\t<div class=\"elementor-element elementor-element-287ca99 elementor-widget elementor-widget-heading\" data-id=\"287ca99\" data-element_type=\"widget\" data-e-type=\"widget\" data-widget_type=\"heading.default\">\n\t\t\t\t<div class=\"elementor-widget-container\">\n\t\t\t\t\t<h2 class=\"elementor-heading-title elementor-size-default\">Diversos n\u00edveis<\/h2>\t\t\t\t<\/div>\n\t\t\t\t<\/div>\n\t\t\t\t<div class=\"elementor-element elementor-element-cc2b168 elementor-widget elementor-widget-text-editor\" data-id=\"cc2b168\" data-element_type=\"widget\" data-e-type=\"widget\" data-widget_type=\"text-editor.default\">\n\t\t\t\t<div class=\"elementor-widget-container\">\n\t\t\t\t\t\t\t\t\t<p><b>FREQU\u00caNCIA<\/b><strong>\u00a0 \u00a0 \u00a0 \u00a0 \u00a0 \u00a0 \u00a0 \u00a0 \u00a0 \u00a0 \u00a0 \u00a0 \u00a0 \u00a0 \u00a0 \u00a0 \u00a0 \u00a0\u00a0<\/strong><\/p><p><span class=\"NormalTextRun ContextualSpellingAndGrammarErrorV2Themed SCXW65141548 BCX0\">\u00c0<\/span><span class=\"NormalTextRun SCXW65141548 BCX0\"> combinar<\/span><span class=\"NormalTextRun SCXW65141548 BCX0\">\u00a0<\/span><\/p><p><span style=\"font-size: 15px; font-style: normal; font-weight: bold;\">CARGA HOR\u00c1RIA POR M\u00d3DULO<\/span><br \/><span class=\"TextRun SCXW216530738 BCX0\" lang=\"PT-BR\" xml:lang=\"PT-BR\" data-contrast=\"auto\"><span class=\"NormalTextRun SCXW216530738 BCX0\">5<\/span><span class=\"NormalTextRun SCXW216530738 BCX0\">0 horas\u00a0<\/span><\/span><span class=\"EOP SCXW216530738 BCX0\" data-ccp-props=\"{&quot;134233117&quot;:false,&quot;134233118&quot;:false,&quot;201341983&quot;:0,&quot;335551550&quot;:1,&quot;335551620&quot;:1,&quot;335559685&quot;:0,&quot;335559731&quot;:0,&quot;335559737&quot;:0,&quot;335559738&quot;:0,&quot;335559739&quot;:160,&quot;335559740&quot;:279}\">\u00a0<\/span><\/p><p><span style=\"font-size: 15px; font-style: normal; font-weight: bold;\">CARGA HOR\u00c1RIA DI\u00c1RIA\u00a0 \u00a0 \u00a0 \u00a0 \u00a0\u00a0<\/span><\/p><p><span class=\"TextRun SCXW63205447 BCX0\" lang=\"PT-BR\" xml:lang=\"PT-BR\" data-contrast=\"auto\"><span class=\"NormalTextRun SCXW63205447 BCX0\">Aulas de <\/span><span class=\"NormalTextRun SCXW63205447 BCX0\">1h30\u00a0<\/span><\/span><span class=\"EOP SCXW63205447 BCX0\" data-ccp-props=\"{&quot;134233117&quot;:false,&quot;134233118&quot;:false,&quot;201341983&quot;:0,&quot;335551550&quot;:1,&quot;335551620&quot;:1,&quot;335559685&quot;:0,&quot;335559731&quot;:0,&quot;335559737&quot;:0,&quot;335559738&quot;:0,&quot;335559739&quot;:160,&quot;335559740&quot;:279}\">\u00a0<\/span><\/p>\t\t\t\t\t\t\t\t<\/div>\n\t\t\t\t<\/div>\n\t\t\t\t\t<\/div>\n\t\t<\/div>\n\t\t\t\t<div class=\"elementor-column elementor-col-50 elementor-inner-column elementor-element elementor-element-7d197c9\" data-id=\"7d197c9\" data-element_type=\"column\" data-e-type=\"column\">\n\t\t\t<div class=\"elementor-widget-wrap elementor-element-populated\">\n\t\t\t\t\t\t<div class=\"elementor-element elementor-element-26d5d64 elementor-widget elementor-widget-text-editor\" data-id=\"26d5d64\" data-element_type=\"widget\" data-e-type=\"widget\" data-widget_type=\"text-editor.default\">\n\t\t\t\t<div class=\"elementor-widget-container\">\n\t\t\t\t\t\t\t\t\t<p>\u00a0<\/p><p>\u00a0<\/p><p><span style=\"font-size: 15px; font-style: normal; font-weight: bold;\">Material did\u00e1tico importado<\/span><br \/><span style=\"font-size: 15px; font-style: normal; font-weight: 400;\">Sob Consulta<\/span><\/p>\t\t\t\t\t\t\t\t<\/div>\n\t\t\t\t<\/div>\n\t\t\t\t\t<\/div>\n\t\t<\/div>\n\t\t\t\t\t<\/div>\n\t\t<\/section>\n\t\t\t\t<div class=\"elementor-element elementor-element-150a4da elementor-align-center elementor-widget elementor-widget-button\" data-id=\"150a4da\" data-element_type=\"widget\" data-e-type=\"widget\" data-widget_type=\"button.default\">\n\t\t\t\t<div class=\"elementor-widget-container\">\n\t\t\t\t\t\t\t\t\t<div class=\"elementor-button-wrapper\">\n\t\t\t\t\t<a class=\"elementor-button elementor-button-link elementor-size-sm\" href=\"https:\/\/api.whatsapp.com\/send\/?phone=5541988127104&#038;text=Ol%C3%A1+vim+pelo+site+do+BCCenter.&#038;type=phone_number&#038;app_absent=0\">\n\t\t\t\t\t\t<span class=\"elementor-button-content-wrapper\">\n\t\t\t\t\t\t\t\t\t<span class=\"elementor-button-text\">Mais informa\u00e7\u00f5es<\/span>\n\t\t\t\t\t<\/span>\n\t\t\t\t\t<\/a>\n\t\t\t\t<\/div>\n\t\t\t\t\t\t\t\t<\/div>\n\t\t\t\t<\/div>\n\t\t\t\t\t<\/div>\n\t\t<\/div>\n\t\t\t\t\t<\/div>\n\t\t<\/section>\n\t\t\t\t<\/div>\n\t\t","protected":false},"excerpt":{"rendered":"<p>General english General English Diversos n\u00edveis FREQU\u00caNCIA\u00a0 \u00a0 \u00a0 \u00a0 \u00a0 \u00a0 \u00a0 \u00a0 \u00a0 \u00a0 \u00a0 \u00a0 \u00a0 \u00a0 \u00a0 \u00a0 \u00a0 \u00a0\u00a0 \u00c0 combinar\u00a0 CARGA HOR\u00c1RIA POR M\u00d3DULO50 horas\u00a0\u00a0 CARGA HOR\u00c1RIA DI\u00c1RIA\u00a0 \u00a0 \u00a0 \u00a0 \u00a0\u00a0 Aulas de 1h30\u00a0\u00a0 \u00a0 \u00a0 Material did\u00e1tico importadoSob Consulta Mais informa\u00e7\u00f5es<\/p>\n","protected":false},"author":1,"featured_media":0,"parent":93,"menu_order":0,"comment_status":"closed","ping_status":"closed","template":"elementor_header_footer","meta":{"site-sidebar-layout":"no-sidebar","site-content-layout":"page-builder","ast-site-content-layout":"default","site-content-style":"default","site-sidebar-style":"default","ast-global-header-display":"","ast-banner-title-visibility":"","ast-main-header-display":"","ast-hfb-above-header-display":"","ast-hfb-below-header-display":"","ast-hfb-mobile-header-display":"","site-post-title":"disabled","ast-breadcrumbs-content":"","ast-featured-img":"disabled","footer-sml-layout":"","ast-disable-related-posts":"","theme-transparent-header-meta":"default","adv-header-id-meta":"","stick-header-meta":"","header-above-stick-meta":"","header-main-stick-meta":"","header-below-stick-meta":"","astra-migrate-meta-layouts":"default","ast-page-background-enabled":"default","ast-page-background-meta":{"desktop":{"background-color":"var(--ast-global-color-4)","background-image":"","background-repeat":"repeat","background-position":"center center","background-size":"auto","background-attachment":"scroll","background-type":"","background-media":"","overlay-type":"","overlay-color":"","overlay-opacity":"","overlay-gradient":""},"tablet":{"background-color":"","background-image":"","background-repeat":"repeat","background-position":"center center","background-size":"auto","background-attachment":"scroll","background-type":"","background-media":"","overlay-type":"","overlay-color":"","overlay-opacity":"","overlay-gradient":""},"mobile":{"background-color":"","background-image":"","background-repeat":"repeat","background-position":"center center","background-size":"auto","background-attachment":"scroll","background-type":"","background-media":"","overlay-type":"","overlay-color":"","overlay-opacity":"","overlay-gradient":""}},"ast-content-background-meta":{"desktop":{"background-color":"var(--ast-global-color-5)","background-image":"","background-repeat":"repeat","background-position":"center center","background-size":"auto","background-attachment":"scroll","background-type":"","background-media":"","overlay-type":"","overlay-color":"","overlay-opacity":"","overlay-gradient":""},"tablet":{"background-color":"var(--ast-global-color-5)","background-image":"","background-repeat":"repeat","background-position":"center center","background-size":"auto","background-attachment":"scroll","background-type":"","background-media":"","overlay-type":"","overlay-color":"","overlay-opacity":"","overlay-gradient":""},"mobile":{"background-color":"var(--ast-global-color-5)","background-image":"","background-repeat":"repeat","background-position":"center center","background-size":"auto","background-attachment":"scroll","background-type":"","background-media":"","overlay-type":"","overlay-color":"","overlay-opacity":"","overlay-gradient":""}},"_joinchat":[],"footnotes":""},"class_list":["post-2071","page","type-page","status-publish","hentry"],"yoast_head":"<!-- This site is optimized with the Yoast SEO plugin v27.4 - https:\/\/yoast.com\/product\/yoast-seo-wordpress\/ -->\n<title>General English - Ingl\u00eas em Curitiba | On The Road Business Center<\/title>\n<meta name=\"robots\" content=\"index, follow, max-snippet:-1, max-image-preview:large, max-video-preview:-1\" \/>\n<link rel=\"canonical\" href=\"https:\/\/bccenter.com.br\/site\/cursos-presenciais\/general-english\/\" \/>\n<meta property=\"og:locale\" content=\"pt_BR\" \/>\n<meta property=\"og:type\" content=\"article\" \/>\n<meta property=\"og:title\" content=\"General English - Ingl\u00eas em Curitiba | On The Road Business Center\" \/>\n<meta property=\"og:description\" content=\"General english General English Diversos n\u00edveis FREQU\u00caNCIA\u00a0 \u00a0 \u00a0 \u00a0 \u00a0 \u00a0 \u00a0 \u00a0 \u00a0 \u00a0 \u00a0 \u00a0 \u00a0 \u00a0 \u00a0 \u00a0 \u00a0 \u00a0\u00a0 \u00c0 combinar\u00a0 CARGA HOR\u00c1RIA POR M\u00d3DULO50 horas\u00a0\u00a0 CARGA HOR\u00c1RIA DI\u00c1RIA\u00a0 \u00a0 \u00a0 \u00a0 \u00a0\u00a0 Aulas de 1h30\u00a0\u00a0 \u00a0 \u00a0 Material did\u00e1tico importadoSob Consulta Mais informa\u00e7\u00f5es\" \/>\n<meta property=\"og:url\" content=\"https:\/\/bccenter.com.br\/site\/cursos-presenciais\/general-english\/\" \/>\n<meta property=\"og:site_name\" content=\"Ingl\u00eas em Curitiba | On The Road Business Center\" \/>\n<meta property=\"article:publisher\" content=\"https:\/\/www.facebook.com\/ontheroad.bccenter\" \/>\n<meta property=\"article:modified_time\" content=\"2025-01-17T16:33:47+00:00\" \/>\n<meta property=\"og:image\" content=\"https:\/\/bccenter.com.br\/site\/wp-content\/uploads\/2024\/10\/WhatsApp-Image-2024-10-08-at-20.03.54-1.jpeg\" \/>\n\t<meta property=\"og:image:width\" content=\"1440\" \/>\n\t<meta property=\"og:image:height\" content=\"1920\" \/>\n\t<meta property=\"og:image:type\" content=\"image\/jpeg\" \/>\n<meta name=\"twitter:card\" content=\"summary_large_image\" \/>\n<meta name=\"twitter:site\" content=\"@ontheroadbcc\" \/>\n<meta name=\"twitter:label1\" content=\"Est. tempo de leitura\" \/>\n\t<meta name=\"twitter:data1\" content=\"1 minuto\" \/>\n<script type=\"application\/ld+json\" class=\"yoast-schema-graph\">{\"@context\":\"https:\\\/\\\/schema.org\",\"@graph\":[{\"@type\":\"WebPage\",\"@id\":\"https:\\\/\\\/bccenter.com.br\\\/site\\\/cursos-presenciais\\\/general-english\\\/\",\"url\":\"https:\\\/\\\/bccenter.com.br\\\/site\\\/cursos-presenciais\\\/general-english\\\/\",\"name\":\"General English - Ingl\u00eas em Curitiba | On The Road Business Center\",\"isPartOf\":{\"@id\":\"https:\\\/\\\/bccenter.com.br\\\/site\\\/#website\"},\"primaryImageOfPage\":{\"@id\":\"https:\\\/\\\/bccenter.com.br\\\/site\\\/cursos-presenciais\\\/general-english\\\/#primaryimage\"},\"image\":{\"@id\":\"https:\\\/\\\/bccenter.com.br\\\/site\\\/cursos-presenciais\\\/general-english\\\/#primaryimage\"},\"thumbnailUrl\":\"https:\\\/\\\/bccenter.com.br\\\/site\\\/wp-content\\\/uploads\\\/2024\\\/10\\\/WhatsApp-Image-2024-10-08-at-20.03.54-1-768x1024.jpeg\",\"datePublished\":\"2021-07-08T16:08:34+00:00\",\"dateModified\":\"2025-01-17T16:33:47+00:00\",\"breadcrumb\":{\"@id\":\"https:\\\/\\\/bccenter.com.br\\\/site\\\/cursos-presenciais\\\/general-english\\\/#breadcrumb\"},\"inLanguage\":\"pt-BR\",\"potentialAction\":[{\"@type\":\"ReadAction\",\"target\":[\"https:\\\/\\\/bccenter.com.br\\\/site\\\/cursos-presenciais\\\/general-english\\\/\"]}]},{\"@type\":\"ImageObject\",\"inLanguage\":\"pt-BR\",\"@id\":\"https:\\\/\\\/bccenter.com.br\\\/site\\\/cursos-presenciais\\\/general-english\\\/#primaryimage\",\"url\":\"https:\\\/\\\/bccenter.com.br\\\/site\\\/wp-content\\\/uploads\\\/2024\\\/10\\\/WhatsApp-Image-2024-10-08-at-20.03.54-1.jpeg\",\"contentUrl\":\"https:\\\/\\\/bccenter.com.br\\\/site\\\/wp-content\\\/uploads\\\/2024\\\/10\\\/WhatsApp-Image-2024-10-08-at-20.03.54-1.jpeg\",\"width\":1440,\"height\":1920},{\"@type\":\"BreadcrumbList\",\"@id\":\"https:\\\/\\\/bccenter.com.br\\\/site\\\/cursos-presenciais\\\/general-english\\\/#breadcrumb\",\"itemListElement\":[{\"@type\":\"ListItem\",\"position\":1,\"name\":\"In\u00edcio\",\"item\":\"https:\\\/\\\/bccenter.com.br\\\/site\\\/\"},{\"@type\":\"ListItem\",\"position\":2,\"name\":\"Cursos Presenciais\",\"item\":\"https:\\\/\\\/bccenter.com.br\\\/site\\\/cursos-presenciais\\\/\"},{\"@type\":\"ListItem\",\"position\":3,\"name\":\"General English\"}]},{\"@type\":\"WebSite\",\"@id\":\"https:\\\/\\\/bccenter.com.br\\\/site\\\/#website\",\"url\":\"https:\\\/\\\/bccenter.com.br\\\/site\\\/\",\"name\":\"Ingl\u00eas em Curitiba | On The Road Business Center\",\"description\":\"\",\"publisher\":{\"@id\":\"https:\\\/\\\/bccenter.com.br\\\/site\\\/#organization\"},\"potentialAction\":[{\"@type\":\"SearchAction\",\"target\":{\"@type\":\"EntryPoint\",\"urlTemplate\":\"https:\\\/\\\/bccenter.com.br\\\/site\\\/?s={search_term_string}\"},\"query-input\":{\"@type\":\"PropertyValueSpecification\",\"valueRequired\":true,\"valueName\":\"search_term_string\"}}],\"inLanguage\":\"pt-BR\"},{\"@type\":\"Organization\",\"@id\":\"https:\\\/\\\/bccenter.com.br\\\/site\\\/#organization\",\"name\":\"On The Road - Business Comunication\",\"url\":\"https:\\\/\\\/bccenter.com.br\\\/site\\\/\",\"logo\":{\"@type\":\"ImageObject\",\"inLanguage\":\"pt-BR\",\"@id\":\"https:\\\/\\\/bccenter.com.br\\\/site\\\/#\\\/schema\\\/logo\\\/image\\\/\",\"url\":\"https:\\\/\\\/bccenter.com.br\\\/site\\\/wp-content\\\/uploads\\\/2021\\\/01\\\/logo-bc-center.png\",\"contentUrl\":\"https:\\\/\\\/bccenter.com.br\\\/site\\\/wp-content\\\/uploads\\\/2021\\\/01\\\/logo-bc-center.png\",\"width\":433,\"height\":108,\"caption\":\"On The Road - Business Comunication\"},\"image\":{\"@id\":\"https:\\\/\\\/bccenter.com.br\\\/site\\\/#\\\/schema\\\/logo\\\/image\\\/\"},\"sameAs\":[\"https:\\\/\\\/www.facebook.com\\\/ontheroad.bccenter\",\"https:\\\/\\\/x.com\\\/ontheroadbcc\"]}]}<\/script>\n<!-- \/ Yoast SEO plugin. -->","yoast_head_json":{"title":"General English - Ingl\u00eas em Curitiba | On The Road Business Center","robots":{"index":"index","follow":"follow","max-snippet":"max-snippet:-1","max-image-preview":"max-image-preview:large","max-video-preview":"max-video-preview:-1"},"canonical":"https:\/\/bccenter.com.br\/site\/cursos-presenciais\/general-english\/","og_locale":"pt_BR","og_type":"article","og_title":"General English - Ingl\u00eas em Curitiba | On The Road Business Center","og_description":"General english General English Diversos n\u00edveis FREQU\u00caNCIA\u00a0 \u00a0 \u00a0 \u00a0 \u00a0 \u00a0 \u00a0 \u00a0 \u00a0 \u00a0 \u00a0 \u00a0 \u00a0 \u00a0 \u00a0 \u00a0 \u00a0 \u00a0\u00a0 \u00c0 combinar\u00a0 CARGA HOR\u00c1RIA POR M\u00d3DULO50 horas\u00a0\u00a0 CARGA HOR\u00c1RIA DI\u00c1RIA\u00a0 \u00a0 \u00a0 \u00a0 \u00a0\u00a0 Aulas de 1h30\u00a0\u00a0 \u00a0 \u00a0 Material did\u00e1tico importadoSob Consulta Mais informa\u00e7\u00f5es","og_url":"https:\/\/bccenter.com.br\/site\/cursos-presenciais\/general-english\/","og_site_name":"Ingl\u00eas em Curitiba | On The Road Business Center","article_publisher":"https:\/\/www.facebook.com\/ontheroad.bccenter","article_modified_time":"2025-01-17T16:33:47+00:00","og_image":[{"width":1440,"height":1920,"url":"https:\/\/bccenter.com.br\/site\/wp-content\/uploads\/2024\/10\/WhatsApp-Image-2024-10-08-at-20.03.54-1.jpeg","type":"image\/jpeg"}],"twitter_card":"summary_large_image","twitter_site":"@ontheroadbcc","twitter_misc":{"Est. tempo de leitura":"1 minuto"},"schema":{"@context":"https:\/\/schema.org","@graph":[{"@type":"WebPage","@id":"https:\/\/bccenter.com.br\/site\/cursos-presenciais\/general-english\/","url":"https:\/\/bccenter.com.br\/site\/cursos-presenciais\/general-english\/","name":"General English - Ingl\u00eas em Curitiba | On The Road Business Center","isPartOf":{"@id":"https:\/\/bccenter.com.br\/site\/#website"},"primaryImageOfPage":{"@id":"https:\/\/bccenter.com.br\/site\/cursos-presenciais\/general-english\/#primaryimage"},"image":{"@id":"https:\/\/bccenter.com.br\/site\/cursos-presenciais\/general-english\/#primaryimage"},"thumbnailUrl":"https:\/\/bccenter.com.br\/site\/wp-content\/uploads\/2024\/10\/WhatsApp-Image-2024-10-08-at-20.03.54-1-768x1024.jpeg","datePublished":"2021-07-08T16:08:34+00:00","dateModified":"2025-01-17T16:33:47+00:00","breadcrumb":{"@id":"https:\/\/bccenter.com.br\/site\/cursos-presenciais\/general-english\/#breadcrumb"},"inLanguage":"pt-BR","potentialAction":[{"@type":"ReadAction","target":["https:\/\/bccenter.com.br\/site\/cursos-presenciais\/general-english\/"]}]},{"@type":"ImageObject","inLanguage":"pt-BR","@id":"https:\/\/bccenter.com.br\/site\/cursos-presenciais\/general-english\/#primaryimage","url":"https:\/\/bccenter.com.br\/site\/wp-content\/uploads\/2024\/10\/WhatsApp-Image-2024-10-08-at-20.03.54-1.jpeg","contentUrl":"https:\/\/bccenter.com.br\/site\/wp-content\/uploads\/2024\/10\/WhatsApp-Image-2024-10-08-at-20.03.54-1.jpeg","width":1440,"height":1920},{"@type":"BreadcrumbList","@id":"https:\/\/bccenter.com.br\/site\/cursos-presenciais\/general-english\/#breadcrumb","itemListElement":[{"@type":"ListItem","position":1,"name":"In\u00edcio","item":"https:\/\/bccenter.com.br\/site\/"},{"@type":"ListItem","position":2,"name":"Cursos Presenciais","item":"https:\/\/bccenter.com.br\/site\/cursos-presenciais\/"},{"@type":"ListItem","position":3,"name":"General English"}]},{"@type":"WebSite","@id":"https:\/\/bccenter.com.br\/site\/#website","url":"https:\/\/bccenter.com.br\/site\/","name":"Ingl\u00eas em Curitiba | On The Road Business Center","description":"","publisher":{"@id":"https:\/\/bccenter.com.br\/site\/#organization"},"potentialAction":[{"@type":"SearchAction","target":{"@type":"EntryPoint","urlTemplate":"https:\/\/bccenter.com.br\/site\/?s={search_term_string}"},"query-input":{"@type":"PropertyValueSpecification","valueRequired":true,"valueName":"search_term_string"}}],"inLanguage":"pt-BR"},{"@type":"Organization","@id":"https:\/\/bccenter.com.br\/site\/#organization","name":"On The Road - Business Comunication","url":"https:\/\/bccenter.com.br\/site\/","logo":{"@type":"ImageObject","inLanguage":"pt-BR","@id":"https:\/\/bccenter.com.br\/site\/#\/schema\/logo\/image\/","url":"https:\/\/bccenter.com.br\/site\/wp-content\/uploads\/2021\/01\/logo-bc-center.png","contentUrl":"https:\/\/bccenter.com.br\/site\/wp-content\/uploads\/2021\/01\/logo-bc-center.png","width":433,"height":108,"caption":"On The Road - Business Comunication"},"image":{"@id":"https:\/\/bccenter.com.br\/site\/#\/schema\/logo\/image\/"},"sameAs":["https:\/\/www.facebook.com\/ontheroad.bccenter","https:\/\/x.com\/ontheroadbcc"]}]}},"_links":{"self":[{"href":"https:\/\/bccenter.com.br\/site\/wp-json\/wp\/v2\/pages\/2071","targetHints":{"allow":["GET"]}}],"collection":[{"href":"https:\/\/bccenter.com.br\/site\/wp-json\/wp\/v2\/pages"}],"about":[{"href":"https:\/\/bccenter.com.br\/site\/wp-json\/wp\/v2\/types\/page"}],"author":[{"embeddable":true,"href":"https:\/\/bccenter.com.br\/site\/wp-json\/wp\/v2\/users\/1"}],"replies":[{"embeddable":true,"href":"https:\/\/bccenter.com.br\/site\/wp-json\/wp\/v2\/comments?post=2071"}],"version-history":[{"count":0,"href":"https:\/\/bccenter.com.br\/site\/wp-json\/wp\/v2\/pages\/2071\/revisions"}],"up":[{"embeddable":true,"href":"https:\/\/bccenter.com.br\/site\/wp-json\/wp\/v2\/pages\/93"}],"wp:attachment":[{"href":"https:\/\/bccenter.com.br\/site\/wp-json\/wp\/v2\/media?parent=2071"}],"curies":[{"name":"wp","href":"https:\/\/api.w.org\/{rel}","templated":true}]}}