{"id":87,"date":"2020-12-08T12:37:49","date_gmt":"2020-12-08T15:37:49","guid":{"rendered":"http:\/\/bccenter.com.br\/site\/?page_id=87"},"modified":"2021-01-22T13:20:19","modified_gmt":"2021-01-22T16:20:19","slug":"planejamento-estrategico-pessoal-profissional","status":"publish","type":"page","link":"https:\/\/bccenter.com.br\/site\/cursos-presenciais\/planejamento-estrategico-pessoal-profissional\/","title":{"rendered":"Planejamento Estrat\u00e9gico Pessoal Profissional"},"content":{"rendered":"\t\t<div data-elementor-type=\"wp-page\" data-elementor-id=\"87\" class=\"elementor elementor-87\" data-elementor-settings=\"{&quot;ha_cmc_init_switcher&quot;:&quot;no&quot;}\" data-elementor-post-type=\"page\">\n\t\t\t\t\t\t<section class=\"elementor-section elementor-top-section elementor-element elementor-element-19c43e2d elementor-section-height-min-height elementor-section-items-bottom elementor-section-content-middle elementor-section-boxed elementor-section-height-default\" data-id=\"19c43e2d\" data-element_type=\"section\" data-e-type=\"section\" data-settings=\"{&quot;background_background&quot;:&quot;classic&quot;,&quot;_ha_eqh_enable&quot;:false}\">\n\t\t\t\t\t\t<div class=\"elementor-container elementor-column-gap-default\">\n\t\t\t\t\t<div class=\"elementor-column elementor-col-100 elementor-top-column elementor-element elementor-element-519fd392\" data-id=\"519fd392\" data-element_type=\"column\" data-e-type=\"column\">\n\t\t\t<div class=\"elementor-widget-wrap elementor-element-populated\">\n\t\t\t\t\t\t<div class=\"elementor-element elementor-element-6dd08d37 elementor-widget elementor-widget-heading\" data-id=\"6dd08d37\" data-element_type=\"widget\" data-e-type=\"widget\" data-widget_type=\"heading.default\">\n\t\t\t\t<div class=\"elementor-widget-container\">\n\t\t\t\t\t<h1 class=\"elementor-heading-title elementor-size-default\">planejamento estrat\u00e9gico pessoal profissional<\/h1>\t\t\t\t<\/div>\n\t\t\t\t<\/div>\n\t\t\t\t\t<\/div>\n\t\t<\/div>\n\t\t\t\t\t<\/div>\n\t\t<\/section>\n\t\t\t\t<section class=\"elementor-section elementor-top-section elementor-element elementor-element-10f44110 elementor-section-content-space-around elementor-section-boxed elementor-section-height-default elementor-section-height-default\" data-id=\"10f44110\" data-element_type=\"section\" data-e-type=\"section\" data-settings=\"{&quot;_ha_eqh_enable&quot;:false}\">\n\t\t\t\t\t\t<div class=\"elementor-container elementor-column-gap-default\">\n\t\t\t\t\t<div class=\"elementor-column elementor-col-50 elementor-top-column elementor-element elementor-element-24980db4\" data-id=\"24980db4\" data-element_type=\"column\" data-e-type=\"column\" data-settings=\"{&quot;background_background&quot;:&quot;classic&quot;}\">\n\t\t\t<div class=\"elementor-widget-wrap elementor-element-populated\">\n\t\t\t\t\t\t<div class=\"elementor-element elementor-element-47d775bb elementor-widget elementor-widget-image\" data-id=\"47d775bb\" data-element_type=\"widget\" data-e-type=\"widget\" data-widget_type=\"image.default\">\n\t\t\t\t<div class=\"elementor-widget-container\">\n\t\t\t\t\t\t\t\t\t\t\t\t\t\t\t<img fetchpriority=\"high\" decoding=\"async\" width=\"837\" height=\"430\" src=\"https:\/\/bccenter.com.br\/site\/wp-content\/uploads\/2020\/12\/img-Planejamento-Estrategico-Pessoal-Profissional.jpg\" class=\"attachment-large size-large wp-image-1457\" alt=\"\" srcset=\"https:\/\/bccenter.com.br\/site\/wp-content\/uploads\/2020\/12\/img-Planejamento-Estrategico-Pessoal-Profissional.jpg 837w, https:\/\/bccenter.com.br\/site\/wp-content\/uploads\/2020\/12\/img-Planejamento-Estrategico-Pessoal-Profissional-300x154.jpg 300w, https:\/\/bccenter.com.br\/site\/wp-content\/uploads\/2020\/12\/img-Planejamento-Estrategico-Pessoal-Profissional-768x395.jpg 768w, https:\/\/bccenter.com.br\/site\/wp-content\/uploads\/2020\/12\/img-Planejamento-Estrategico-Pessoal-Profissional-400x205.jpg 400w, https:\/\/bccenter.com.br\/site\/wp-content\/uploads\/2020\/12\/img-Planejamento-Estrategico-Pessoal-Profissional-600x308.jpg 600w\" sizes=\"(max-width: 837px) 100vw, 837px\" \/>\t\t\t\t\t\t\t\t\t\t\t\t\t\t\t<\/div>\n\t\t\t\t<\/div>\n\t\t\t\t\t<\/div>\n\t\t<\/div>\n\t\t\t\t<div class=\"elementor-column elementor-col-50 elementor-top-column elementor-element elementor-element-54f8ae9e\" data-id=\"54f8ae9e\" data-element_type=\"column\" data-e-type=\"column\" data-settings=\"{&quot;background_background&quot;:&quot;classic&quot;}\">\n\t\t\t<div class=\"elementor-widget-wrap elementor-element-populated\">\n\t\t\t\t\t\t<section class=\"elementor-section elementor-inner-section elementor-element elementor-element-6792cb91 elementor-section-boxed elementor-section-height-default elementor-section-height-default\" data-id=\"6792cb91\" data-element_type=\"section\" data-e-type=\"section\" data-settings=\"{&quot;_ha_eqh_enable&quot;:false}\">\n\t\t\t\t\t\t<div class=\"elementor-container elementor-column-gap-default\">\n\t\t\t\t\t<div class=\"elementor-column elementor-col-100 elementor-inner-column elementor-element elementor-element-2c86d70c\" data-id=\"2c86d70c\" data-element_type=\"column\" data-e-type=\"column\">\n\t\t\t<div class=\"elementor-widget-wrap elementor-element-populated\">\n\t\t\t\t\t\t<div class=\"elementor-element elementor-element-1dd56beb elementor-widget elementor-widget-text-editor\" data-id=\"1dd56beb\" data-element_type=\"widget\" data-e-type=\"widget\" data-widget_type=\"text-editor.default\">\n\t\t\t\t<div class=\"elementor-widget-container\">\n\t\t\t\t\t\t\t\t\t<p class=\"Normal tm5\"><strong><span class=\"tm7\">Planejamento Estrat\u00e9gico Pessoal Profissional<\/span><\/strong><\/p><p class=\"Normal tm5\"><span class=\"tm6\">Canvas You, CV and LinkedIn em 12 horas. O Curso tem como objetivo fazer uma leitura do momento profissional do participante, alinhar e\/ou corrigir sua trajet\u00f3ria e apresentar ajud\u00e1-lo a usar um modelo atualizado para CV e LinkedIn (direto da casa do LinkedIn do SXSW, em Austin.<\/span><\/p><p class=\"Normal tm5\"><span class=\"tm6\">Facilitador: Liane Grassi, MSc em Empre<a id=\"aGoBack\"><\/a>endedorismo e Administra\u00e7\u00e3o Estrat\u00e9gica<\/span><\/p>\t\t\t\t\t\t\t\t<\/div>\n\t\t\t\t<\/div>\n\t\t\t\t\t<\/div>\n\t\t<\/div>\n\t\t\t\t\t<\/div>\n\t\t<\/section>\n\t\t\t\t\t<\/div>\n\t\t<\/div>\n\t\t\t\t\t<\/div>\n\t\t<\/section>\n\t\t\t\t<section class=\"elementor-section elementor-top-section elementor-element elementor-element-eb20d45 elementor-section-boxed elementor-section-height-default elementor-section-height-default\" data-id=\"eb20d45\" data-element_type=\"section\" data-e-type=\"section\" data-settings=\"{&quot;_ha_eqh_enable&quot;:false}\">\n\t\t\t\t\t\t<div class=\"elementor-container elementor-column-gap-default\">\n\t\t\t\t\t<div class=\"elementor-column elementor-col-33 elementor-top-column elementor-element elementor-element-422bef8\" data-id=\"422bef8\" data-element_type=\"column\" data-e-type=\"column\">\n\t\t\t<div class=\"elementor-widget-wrap\">\n\t\t\t\t\t\t\t<\/div>\n\t\t<\/div>\n\t\t\t\t<div class=\"elementor-column elementor-col-33 elementor-top-column elementor-element elementor-element-01df995\" data-id=\"01df995\" data-element_type=\"column\" data-e-type=\"column\" data-settings=\"{&quot;background_background&quot;:&quot;classic&quot;}\">\n\t\t\t<div class=\"elementor-widget-wrap elementor-element-populated\">\n\t\t\t\t\t\t<div class=\"elementor-element elementor-element-0a9f9c9 elementor-widget elementor-widget-heading\" data-id=\"0a9f9c9\" data-element_type=\"widget\" data-e-type=\"widget\" data-widget_type=\"heading.default\">\n\t\t\t\t<div class=\"elementor-widget-container\">\n\t\t\t\t\t<h2 class=\"elementor-heading-title elementor-size-default\"><a href=\"https:\/\/bccenter.com.br\/site\/contato\/\">Entre em contato!<\/a><\/h2>\t\t\t\t<\/div>\n\t\t\t\t<\/div>\n\t\t\t\t\t<\/div>\n\t\t<\/div>\n\t\t\t\t<div class=\"elementor-column elementor-col-33 elementor-top-column elementor-element elementor-element-1b16962\" data-id=\"1b16962\" data-element_type=\"column\" data-e-type=\"column\">\n\t\t\t<div class=\"elementor-widget-wrap\">\n\t\t\t\t\t\t\t<\/div>\n\t\t<\/div>\n\t\t\t\t\t<\/div>\n\t\t<\/section>\n\t\t\t\t<\/div>\n\t\t","protected":false},"excerpt":{"rendered":"<p>planejamento estrat\u00e9gico pessoal profissional Planejamento Estrat\u00e9gico Pessoal Profissional Canvas You, CV and LinkedIn em 12 horas. O Curso tem como objetivo fazer uma leitura do momento profissional do participante, alinhar e\/ou corrigir sua trajet\u00f3ria e apresentar ajud\u00e1-lo a usar um modelo atualizado para CV e LinkedIn (direto da casa do LinkedIn do SXSW, em Austin. [&hellip;]<\/p>\n","protected":false},"author":1,"featured_media":0,"parent":93,"menu_order":0,"comment_status":"closed","ping_status":"closed","template":"elementor_header_footer","meta":{"site-sidebar-layout":"no-sidebar","site-content-layout":"page-builder","ast-site-content-layout":"default","site-content-style":"default","site-sidebar-style":"default","ast-global-header-display":"","ast-banner-title-visibility":"","ast-main-header-display":"","ast-hfb-above-header-display":"","ast-hfb-below-header-display":"","ast-hfb-mobile-header-display":"","site-post-title":"disabled","ast-breadcrumbs-content":"","ast-featured-img":"disabled","footer-sml-layout":"","ast-disable-related-posts":"","theme-transparent-header-meta":"default","adv-header-id-meta":"","stick-header-meta":"","header-above-stick-meta":"","header-main-stick-meta":"","header-below-stick-meta":"","astra-migrate-meta-layouts":"default","ast-page-background-enabled":"default","ast-page-background-meta":{"desktop":{"background-color":"var(--ast-global-color-4)","background-image":"","background-repeat":"repeat","background-position":"center center","background-size":"auto","background-attachment":"scroll","background-type":"","background-media":"","overlay-type":"","overlay-color":"","overlay-opacity":"","overlay-gradient":""},"tablet":{"background-color":"","background-image":"","background-repeat":"repeat","background-position":"center center","background-size":"auto","background-attachment":"scroll","background-type":"","background-media":"","overlay-type":"","overlay-color":"","overlay-opacity":"","overlay-gradient":""},"mobile":{"background-color":"","background-image":"","background-repeat":"repeat","background-position":"center center","background-size":"auto","background-attachment":"scroll","background-type":"","background-media":"","overlay-type":"","overlay-color":"","overlay-opacity":"","overlay-gradient":""}},"ast-content-background-meta":{"desktop":{"background-color":"var(--ast-global-color-5)","background-image":"","background-repeat":"repeat","background-position":"center center","background-size":"auto","background-attachment":"scroll","background-type":"","background-media":"","overlay-type":"","overlay-color":"","overlay-opacity":"","overlay-gradient":""},"tablet":{"background-color":"var(--ast-global-color-5)","background-image":"","background-repeat":"repeat","background-position":"center center","background-size":"auto","background-attachment":"scroll","background-type":"","background-media":"","overlay-type":"","overlay-color":"","overlay-opacity":"","overlay-gradient":""},"mobile":{"background-color":"var(--ast-global-color-5)","background-image":"","background-repeat":"repeat","background-position":"center center","background-size":"auto","background-attachment":"scroll","background-type":"","background-media":"","overlay-type":"","overlay-color":"","overlay-opacity":"","overlay-gradient":""}},"_joinchat":[],"footnotes":""},"class_list":["post-87","page","type-page","status-publish","hentry"],"yoast_head":"<!-- This site is optimized with the Yoast SEO plugin v27.4 - https:\/\/yoast.com\/product\/yoast-seo-wordpress\/ -->\n<title>Planejamento Estrat\u00e9gico Pessoal Profissional - Ingl\u00eas em Curitiba | On The Road Business Center<\/title>\n<meta name=\"robots\" content=\"index, follow, max-snippet:-1, max-image-preview:large, max-video-preview:-1\" \/>\n<link rel=\"canonical\" href=\"https:\/\/bccenter.com.br\/site\/cursos-presenciais\/planejamento-estrategico-pessoal-profissional\/\" \/>\n<meta property=\"og:locale\" content=\"pt_BR\" \/>\n<meta property=\"og:type\" content=\"article\" \/>\n<meta property=\"og:title\" content=\"Planejamento Estrat\u00e9gico Pessoal Profissional - Ingl\u00eas em Curitiba | On The Road Business Center\" \/>\n<meta property=\"og:description\" content=\"planejamento estrat\u00e9gico pessoal profissional Planejamento Estrat\u00e9gico Pessoal Profissional Canvas You, CV and LinkedIn em 12 horas. O Curso tem como objetivo fazer uma leitura do momento profissional do participante, alinhar e\/ou corrigir sua trajet\u00f3ria e apresentar ajud\u00e1-lo a usar um modelo atualizado para CV e LinkedIn (direto da casa do LinkedIn do SXSW, em Austin. [&hellip;]\" \/>\n<meta property=\"og:url\" content=\"https:\/\/bccenter.com.br\/site\/cursos-presenciais\/planejamento-estrategico-pessoal-profissional\/\" \/>\n<meta property=\"og:site_name\" content=\"Ingl\u00eas em Curitiba | On The Road Business Center\" \/>\n<meta property=\"article:publisher\" content=\"https:\/\/www.facebook.com\/ontheroad.bccenter\" \/>\n<meta property=\"article:modified_time\" content=\"2021-01-22T16:20:19+00:00\" \/>\n<meta property=\"og:image\" content=\"https:\/\/bccenter.com.br\/site\/wp-content\/uploads\/2020\/12\/img-Planejamento-Estrategico-Pessoal-Profissional.jpg\" \/>\n<meta name=\"twitter:card\" content=\"summary_large_image\" \/>\n<meta name=\"twitter:site\" content=\"@ontheroadbcc\" \/>\n<script type=\"application\/ld+json\" class=\"yoast-schema-graph\">{\"@context\":\"https:\\\/\\\/schema.org\",\"@graph\":[{\"@type\":\"WebPage\",\"@id\":\"https:\\\/\\\/bccenter.com.br\\\/site\\\/cursos-presenciais\\\/planejamento-estrategico-pessoal-profissional\\\/\",\"url\":\"https:\\\/\\\/bccenter.com.br\\\/site\\\/cursos-presenciais\\\/planejamento-estrategico-pessoal-profissional\\\/\",\"name\":\"Planejamento Estrat\u00e9gico Pessoal Profissional - Ingl\u00eas em Curitiba | On The Road Business Center\",\"isPartOf\":{\"@id\":\"https:\\\/\\\/bccenter.com.br\\\/site\\\/#website\"},\"primaryImageOfPage\":{\"@id\":\"https:\\\/\\\/bccenter.com.br\\\/site\\\/cursos-presenciais\\\/planejamento-estrategico-pessoal-profissional\\\/#primaryimage\"},\"image\":{\"@id\":\"https:\\\/\\\/bccenter.com.br\\\/site\\\/cursos-presenciais\\\/planejamento-estrategico-pessoal-profissional\\\/#primaryimage\"},\"thumbnailUrl\":\"https:\\\/\\\/bccenter.com.br\\\/site\\\/wp-content\\\/uploads\\\/2020\\\/12\\\/img-Planejamento-Estrategico-Pessoal-Profissional.jpg\",\"datePublished\":\"2020-12-08T15:37:49+00:00\",\"dateModified\":\"2021-01-22T16:20:19+00:00\",\"breadcrumb\":{\"@id\":\"https:\\\/\\\/bccenter.com.br\\\/site\\\/cursos-presenciais\\\/planejamento-estrategico-pessoal-profissional\\\/#breadcrumb\"},\"inLanguage\":\"pt-BR\",\"potentialAction\":[{\"@type\":\"ReadAction\",\"target\":[\"https:\\\/\\\/bccenter.com.br\\\/site\\\/cursos-presenciais\\\/planejamento-estrategico-pessoal-profissional\\\/\"]}]},{\"@type\":\"ImageObject\",\"inLanguage\":\"pt-BR\",\"@id\":\"https:\\\/\\\/bccenter.com.br\\\/site\\\/cursos-presenciais\\\/planejamento-estrategico-pessoal-profissional\\\/#primaryimage\",\"url\":\"https:\\\/\\\/bccenter.com.br\\\/site\\\/wp-content\\\/uploads\\\/2020\\\/12\\\/img-Planejamento-Estrategico-Pessoal-Profissional.jpg\",\"contentUrl\":\"https:\\\/\\\/bccenter.com.br\\\/site\\\/wp-content\\\/uploads\\\/2020\\\/12\\\/img-Planejamento-Estrategico-Pessoal-Profissional.jpg\",\"width\":837,\"height\":430},{\"@type\":\"BreadcrumbList\",\"@id\":\"https:\\\/\\\/bccenter.com.br\\\/site\\\/cursos-presenciais\\\/planejamento-estrategico-pessoal-profissional\\\/#breadcrumb\",\"itemListElement\":[{\"@type\":\"ListItem\",\"position\":1,\"name\":\"In\u00edcio\",\"item\":\"https:\\\/\\\/bccenter.com.br\\\/site\\\/\"},{\"@type\":\"ListItem\",\"position\":2,\"name\":\"Cursos Presenciais\",\"item\":\"https:\\\/\\\/bccenter.com.br\\\/site\\\/cursos-presenciais\\\/\"},{\"@type\":\"ListItem\",\"position\":3,\"name\":\"Planejamento Estrat\u00e9gico Pessoal Profissional\"}]},{\"@type\":\"WebSite\",\"@id\":\"https:\\\/\\\/bccenter.com.br\\\/site\\\/#website\",\"url\":\"https:\\\/\\\/bccenter.com.br\\\/site\\\/\",\"name\":\"Ingl\u00eas em Curitiba | On The Road Business Center\",\"description\":\"\",\"publisher\":{\"@id\":\"https:\\\/\\\/bccenter.com.br\\\/site\\\/#organization\"},\"potentialAction\":[{\"@type\":\"SearchAction\",\"target\":{\"@type\":\"EntryPoint\",\"urlTemplate\":\"https:\\\/\\\/bccenter.com.br\\\/site\\\/?s={search_term_string}\"},\"query-input\":{\"@type\":\"PropertyValueSpecification\",\"valueRequired\":true,\"valueName\":\"search_term_string\"}}],\"inLanguage\":\"pt-BR\"},{\"@type\":\"Organization\",\"@id\":\"https:\\\/\\\/bccenter.com.br\\\/site\\\/#organization\",\"name\":\"On The Road - Business Comunication\",\"url\":\"https:\\\/\\\/bccenter.com.br\\\/site\\\/\",\"logo\":{\"@type\":\"ImageObject\",\"inLanguage\":\"pt-BR\",\"@id\":\"https:\\\/\\\/bccenter.com.br\\\/site\\\/#\\\/schema\\\/logo\\\/image\\\/\",\"url\":\"https:\\\/\\\/bccenter.com.br\\\/site\\\/wp-content\\\/uploads\\\/2021\\\/01\\\/logo-bc-center.png\",\"contentUrl\":\"https:\\\/\\\/bccenter.com.br\\\/site\\\/wp-content\\\/uploads\\\/2021\\\/01\\\/logo-bc-center.png\",\"width\":433,\"height\":108,\"caption\":\"On The Road - Business Comunication\"},\"image\":{\"@id\":\"https:\\\/\\\/bccenter.com.br\\\/site\\\/#\\\/schema\\\/logo\\\/image\\\/\"},\"sameAs\":[\"https:\\\/\\\/www.facebook.com\\\/ontheroad.bccenter\",\"https:\\\/\\\/x.com\\\/ontheroadbcc\"]}]}<\/script>\n<!-- \/ Yoast SEO plugin. -->","yoast_head_json":{"title":"Planejamento Estrat\u00e9gico Pessoal Profissional - Ingl\u00eas em Curitiba | On The Road Business Center","robots":{"index":"index","follow":"follow","max-snippet":"max-snippet:-1","max-image-preview":"max-image-preview:large","max-video-preview":"max-video-preview:-1"},"canonical":"https:\/\/bccenter.com.br\/site\/cursos-presenciais\/planejamento-estrategico-pessoal-profissional\/","og_locale":"pt_BR","og_type":"article","og_title":"Planejamento Estrat\u00e9gico Pessoal Profissional - Ingl\u00eas em Curitiba | On The Road Business Center","og_description":"planejamento estrat\u00e9gico pessoal profissional Planejamento Estrat\u00e9gico Pessoal Profissional Canvas You, CV and LinkedIn em 12 horas. O Curso tem como objetivo fazer uma leitura do momento profissional do participante, alinhar e\/ou corrigir sua trajet\u00f3ria e apresentar ajud\u00e1-lo a usar um modelo atualizado para CV e LinkedIn (direto da casa do LinkedIn do SXSW, em Austin. [&hellip;]","og_url":"https:\/\/bccenter.com.br\/site\/cursos-presenciais\/planejamento-estrategico-pessoal-profissional\/","og_site_name":"Ingl\u00eas em Curitiba | On The Road Business Center","article_publisher":"https:\/\/www.facebook.com\/ontheroad.bccenter","article_modified_time":"2021-01-22T16:20:19+00:00","og_image":[{"url":"https:\/\/bccenter.com.br\/site\/wp-content\/uploads\/2020\/12\/img-Planejamento-Estrategico-Pessoal-Profissional.jpg","type":"","width":"","height":""}],"twitter_card":"summary_large_image","twitter_site":"@ontheroadbcc","schema":{"@context":"https:\/\/schema.org","@graph":[{"@type":"WebPage","@id":"https:\/\/bccenter.com.br\/site\/cursos-presenciais\/planejamento-estrategico-pessoal-profissional\/","url":"https:\/\/bccenter.com.br\/site\/cursos-presenciais\/planejamento-estrategico-pessoal-profissional\/","name":"Planejamento Estrat\u00e9gico Pessoal Profissional - Ingl\u00eas em Curitiba | On The Road Business Center","isPartOf":{"@id":"https:\/\/bccenter.com.br\/site\/#website"},"primaryImageOfPage":{"@id":"https:\/\/bccenter.com.br\/site\/cursos-presenciais\/planejamento-estrategico-pessoal-profissional\/#primaryimage"},"image":{"@id":"https:\/\/bccenter.com.br\/site\/cursos-presenciais\/planejamento-estrategico-pessoal-profissional\/#primaryimage"},"thumbnailUrl":"https:\/\/bccenter.com.br\/site\/wp-content\/uploads\/2020\/12\/img-Planejamento-Estrategico-Pessoal-Profissional.jpg","datePublished":"2020-12-08T15:37:49+00:00","dateModified":"2021-01-22T16:20:19+00:00","breadcrumb":{"@id":"https:\/\/bccenter.com.br\/site\/cursos-presenciais\/planejamento-estrategico-pessoal-profissional\/#breadcrumb"},"inLanguage":"pt-BR","potentialAction":[{"@type":"ReadAction","target":["https:\/\/bccenter.com.br\/site\/cursos-presenciais\/planejamento-estrategico-pessoal-profissional\/"]}]},{"@type":"ImageObject","inLanguage":"pt-BR","@id":"https:\/\/bccenter.com.br\/site\/cursos-presenciais\/planejamento-estrategico-pessoal-profissional\/#primaryimage","url":"https:\/\/bccenter.com.br\/site\/wp-content\/uploads\/2020\/12\/img-Planejamento-Estrategico-Pessoal-Profissional.jpg","contentUrl":"https:\/\/bccenter.com.br\/site\/wp-content\/uploads\/2020\/12\/img-Planejamento-Estrategico-Pessoal-Profissional.jpg","width":837,"height":430},{"@type":"BreadcrumbList","@id":"https:\/\/bccenter.com.br\/site\/cursos-presenciais\/planejamento-estrategico-pessoal-profissional\/#breadcrumb","itemListElement":[{"@type":"ListItem","position":1,"name":"In\u00edcio","item":"https:\/\/bccenter.com.br\/site\/"},{"@type":"ListItem","position":2,"name":"Cursos Presenciais","item":"https:\/\/bccenter.com.br\/site\/cursos-presenciais\/"},{"@type":"ListItem","position":3,"name":"Planejamento Estrat\u00e9gico Pessoal Profissional"}]},{"@type":"WebSite","@id":"https:\/\/bccenter.com.br\/site\/#website","url":"https:\/\/bccenter.com.br\/site\/","name":"Ingl\u00eas em Curitiba | On The Road Business Center","description":"","publisher":{"@id":"https:\/\/bccenter.com.br\/site\/#organization"},"potentialAction":[{"@type":"SearchAction","target":{"@type":"EntryPoint","urlTemplate":"https:\/\/bccenter.com.br\/site\/?s={search_term_string}"},"query-input":{"@type":"PropertyValueSpecification","valueRequired":true,"valueName":"search_term_string"}}],"inLanguage":"pt-BR"},{"@type":"Organization","@id":"https:\/\/bccenter.com.br\/site\/#organization","name":"On The Road - Business Comunication","url":"https:\/\/bccenter.com.br\/site\/","logo":{"@type":"ImageObject","inLanguage":"pt-BR","@id":"https:\/\/bccenter.com.br\/site\/#\/schema\/logo\/image\/","url":"https:\/\/bccenter.com.br\/site\/wp-content\/uploads\/2021\/01\/logo-bc-center.png","contentUrl":"https:\/\/bccenter.com.br\/site\/wp-content\/uploads\/2021\/01\/logo-bc-center.png","width":433,"height":108,"caption":"On The Road - Business Comunication"},"image":{"@id":"https:\/\/bccenter.com.br\/site\/#\/schema\/logo\/image\/"},"sameAs":["https:\/\/www.facebook.com\/ontheroad.bccenter","https:\/\/x.com\/ontheroadbcc"]}]}},"_links":{"self":[{"href":"https:\/\/bccenter.com.br\/site\/wp-json\/wp\/v2\/pages\/87","targetHints":{"allow":["GET"]}}],"collection":[{"href":"https:\/\/bccenter.com.br\/site\/wp-json\/wp\/v2\/pages"}],"about":[{"href":"https:\/\/bccenter.com.br\/site\/wp-json\/wp\/v2\/types\/page"}],"author":[{"embeddable":true,"href":"https:\/\/bccenter.com.br\/site\/wp-json\/wp\/v2\/users\/1"}],"replies":[{"embeddable":true,"href":"https:\/\/bccenter.com.br\/site\/wp-json\/wp\/v2\/comments?post=87"}],"version-history":[{"count":0,"href":"https:\/\/bccenter.com.br\/site\/wp-json\/wp\/v2\/pages\/87\/revisions"}],"up":[{"embeddable":true,"href":"https:\/\/bccenter.com.br\/site\/wp-json\/wp\/v2\/pages\/93"}],"wp:attachment":[{"href":"https:\/\/bccenter.com.br\/site\/wp-json\/wp\/v2\/media?parent=87"}],"curies":[{"name":"wp","href":"https:\/\/api.w.org\/{rel}","templated":true}]}}