{"id":884,"date":"2020-12-08T12:36:58","date_gmt":"2020-12-08T15:36:58","guid":{"rendered":"http:\/\/bccenter.com.br\/site\/cursos-presenciais\/curso-alemao\/"},"modified":"2025-01-17T13:39:10","modified_gmt":"2025-01-17T16:39:10","slug":"business-english","status":"publish","type":"page","link":"https:\/\/bccenter.com.br\/site\/cursos-presenciais\/business-english\/?lang=en","title":{"rendered":"Business English"},"content":{"rendered":"\t\t<div data-elementor-type=\"wp-page\" data-elementor-id=\"884\" class=\"elementor elementor-884\" data-elementor-settings=\"{&quot;ha_cmc_init_switcher&quot;:&quot;no&quot;}\" data-elementor-post-type=\"page\">\n\t\t\t\t\t\t<section class=\"elementor-section elementor-top-section elementor-element elementor-element-356bca26 elementor-section-height-min-height elementor-section-items-bottom elementor-section-content-middle elementor-section-boxed elementor-section-height-default\" data-id=\"356bca26\" data-element_type=\"section\" data-e-type=\"section\" data-settings=\"{&quot;background_background&quot;:&quot;classic&quot;,&quot;_ha_eqh_enable&quot;:false}\">\n\t\t\t\t\t\t<div class=\"elementor-container elementor-column-gap-default\">\n\t\t\t\t\t<div class=\"elementor-column elementor-col-100 elementor-top-column elementor-element elementor-element-7d59bf96\" data-id=\"7d59bf96\" data-element_type=\"column\" data-e-type=\"column\">\n\t\t\t<div class=\"elementor-widget-wrap elementor-element-populated\">\n\t\t\t\t\t\t<div class=\"elementor-element elementor-element-4f46b9fb elementor-widget elementor-widget-heading\" data-id=\"4f46b9fb\" data-element_type=\"widget\" data-e-type=\"widget\" data-widget_type=\"heading.default\">\n\t\t\t\t<div class=\"elementor-widget-container\">\n\t\t\t\t\t<h1 class=\"elementor-heading-title elementor-size-default\">Business English<\/h1>\t\t\t\t<\/div>\n\t\t\t\t<\/div>\n\t\t\t\t\t<\/div>\n\t\t<\/div>\n\t\t\t\t\t<\/div>\n\t\t<\/section>\n\t\t\t\t<section class=\"elementor-section elementor-top-section elementor-element elementor-element-6a91adab elementor-section-content-space-around elementor-section-boxed elementor-section-height-default elementor-section-height-default\" data-id=\"6a91adab\" data-element_type=\"section\" data-e-type=\"section\" data-settings=\"{&quot;_ha_eqh_enable&quot;:false}\">\n\t\t\t\t\t\t<div class=\"elementor-container elementor-column-gap-default\">\n\t\t\t\t\t<div class=\"elementor-column elementor-col-50 elementor-top-column elementor-element elementor-element-71ef2be3\" data-id=\"71ef2be3\" data-element_type=\"column\" data-e-type=\"column\" data-settings=\"{&quot;background_background&quot;:&quot;classic&quot;}\">\n\t\t\t<div class=\"elementor-widget-wrap elementor-element-populated\">\n\t\t\t\t\t\t<div class=\"elementor-element elementor-element-615026ac elementor-widget elementor-widget-image\" data-id=\"615026ac\" data-element_type=\"widget\" data-e-type=\"widget\" data-widget_type=\"image.default\">\n\t\t\t\t<div class=\"elementor-widget-container\">\n\t\t\t\t\t\t\t\t\t\t\t\t\t\t\t<img fetchpriority=\"high\" decoding=\"async\" width=\"1024\" height=\"768\" src=\"https:\/\/bccenter.com.br\/site\/wp-content\/uploads\/2024\/10\/WhatsApp-Image-2024-10-08-at-20.03.54-2-1024x768.jpeg\" class=\"attachment-large size-large wp-image-2766\" alt=\"\" srcset=\"https:\/\/bccenter.com.br\/site\/wp-content\/uploads\/2024\/10\/WhatsApp-Image-2024-10-08-at-20.03.54-2-1024x768.jpeg 1024w, https:\/\/bccenter.com.br\/site\/wp-content\/uploads\/2024\/10\/WhatsApp-Image-2024-10-08-at-20.03.54-2-300x225.jpeg 300w, https:\/\/bccenter.com.br\/site\/wp-content\/uploads\/2024\/10\/WhatsApp-Image-2024-10-08-at-20.03.54-2-768x576.jpeg 768w, https:\/\/bccenter.com.br\/site\/wp-content\/uploads\/2024\/10\/WhatsApp-Image-2024-10-08-at-20.03.54-2-1536x1152.jpeg 1536w, https:\/\/bccenter.com.br\/site\/wp-content\/uploads\/2024\/10\/WhatsApp-Image-2024-10-08-at-20.03.54-2-600x450.jpeg 600w, https:\/\/bccenter.com.br\/site\/wp-content\/uploads\/2024\/10\/WhatsApp-Image-2024-10-08-at-20.03.54-2.jpeg 1600w\" sizes=\"(max-width: 1024px) 100vw, 1024px\" \/>\t\t\t\t\t\t\t\t\t\t\t\t\t\t\t<\/div>\n\t\t\t\t<\/div>\n\t\t\t\t\t<\/div>\n\t\t<\/div>\n\t\t\t\t<div class=\"elementor-column elementor-col-50 elementor-top-column elementor-element elementor-element-6393d0be\" data-id=\"6393d0be\" data-element_type=\"column\" data-e-type=\"column\" data-settings=\"{&quot;background_background&quot;:&quot;classic&quot;}\">\n\t\t\t<div class=\"elementor-widget-wrap elementor-element-populated\">\n\t\t\t\t\t\t<section class=\"elementor-section elementor-inner-section elementor-element elementor-element-64dbcdd7 elementor-section-boxed elementor-section-height-default elementor-section-height-default\" data-id=\"64dbcdd7\" data-element_type=\"section\" data-e-type=\"section\" data-settings=\"{&quot;_ha_eqh_enable&quot;:false}\">\n\t\t\t\t\t\t<div class=\"elementor-container elementor-column-gap-default\">\n\t\t\t\t\t<div class=\"elementor-column elementor-col-50 elementor-inner-column elementor-element elementor-element-153a3f9\" data-id=\"153a3f9\" data-element_type=\"column\" data-e-type=\"column\">\n\t\t\t<div class=\"elementor-widget-wrap elementor-element-populated\">\n\t\t\t\t\t\t<div class=\"elementor-element elementor-element-78186ce8 elementor-widget elementor-widget-heading\" data-id=\"78186ce8\" data-element_type=\"widget\" data-e-type=\"widget\" data-widget_type=\"heading.default\">\n\t\t\t\t<div class=\"elementor-widget-container\">\n\t\t\t\t\t<h2 class=\"elementor-heading-title elementor-size-default\">Business English<\/h2>\t\t\t\t<\/div>\n\t\t\t\t<\/div>\n\t\t\t\t<div class=\"elementor-element elementor-element-7521ba4 elementor-widget elementor-widget-heading\" data-id=\"7521ba4\" data-element_type=\"widget\" data-e-type=\"widget\" data-widget_type=\"heading.default\">\n\t\t\t\t<div class=\"elementor-widget-container\">\n\t\t\t\t\t<h2 class=\"elementor-heading-title elementor-size-default\">Diversos n\u00edveis<\/h2>\t\t\t\t<\/div>\n\t\t\t\t<\/div>\n\t\t\t\t<div class=\"elementor-element elementor-element-41eef359 elementor-widget elementor-widget-text-editor\" data-id=\"41eef359\" data-element_type=\"widget\" data-e-type=\"widget\" data-widget_type=\"text-editor.default\">\n\t\t\t\t<div class=\"elementor-widget-container\">\n\t\t\t\t\t\t\t\t\t<p><b>FREQU\u00caNCIA<\/b><strong>\u00a0 \u00a0 \u00a0 \u00a0 \u00a0 \u00a0 \u00a0 \u00a0 \u00a0 \u00a0 \u00a0 \u00a0 \u00a0 \u00a0 \u00a0 \u00a0 \u00a0 \u00a0\u00a0<\/strong><\/p><p><span class=\"TextRun SCXW72139738 BCX0\" lang=\"PT-BR\" xml:lang=\"PT-BR\" data-contrast=\"auto\"><span class=\"NormalTextRun ContextualSpellingAndGrammarErrorV2Themed SCXW72139738 BCX0\">\u00c0<\/span><span class=\"NormalTextRun SCXW72139738 BCX0\"> combinar\u00a0<\/span><\/span><span class=\"EOP SCXW72139738 BCX0\" data-ccp-props=\"{&quot;134233117&quot;:false,&quot;134233118&quot;:false,&quot;201341983&quot;:0,&quot;335551550&quot;:1,&quot;335551620&quot;:1,&quot;335559685&quot;:0,&quot;335559731&quot;:0,&quot;335559737&quot;:0,&quot;335559738&quot;:0,&quot;335559739&quot;:160,&quot;335559740&quot;:279}\">\u00a0<\/span><\/p><p><span style=\"font-size: 15px; font-style: normal; font-weight: bold;\">CARGA HOR\u00c1RIA POR M\u00d3DULO<\/span><br \/><span style=\"font-size: 15px; font-style: normal; font-weight: 400;\">60 Horas<\/span><\/p><p><span style=\"font-size: 15px; font-style: normal; font-weight: bold;\">CARGA HOR\u00c1RIA DI\u00c1RIA\u00a0 \u00a0 \u00a0 \u00a0 \u00a0\u00a0<\/span><\/p><p><span class=\"TextRun SCXW173449568 BCX0\" lang=\"PT-BR\" xml:lang=\"PT-BR\" data-contrast=\"auto\"><span class=\"NormalTextRun SCXW173449568 BCX0\">Aulas de 1h30<\/span><\/span><span class=\"EOP SCXW173449568 BCX0\" data-ccp-props=\"{&quot;134233117&quot;:false,&quot;134233118&quot;:false,&quot;201341983&quot;:0,&quot;335551550&quot;:1,&quot;335551620&quot;:1,&quot;335559685&quot;:0,&quot;335559731&quot;:0,&quot;335559737&quot;:0,&quot;335559738&quot;:0,&quot;335559739&quot;:160,&quot;335559740&quot;:279}\">\u00a0<\/span><\/p>\t\t\t\t\t\t\t\t<\/div>\n\t\t\t\t<\/div>\n\t\t\t\t\t<\/div>\n\t\t<\/div>\n\t\t\t\t<div class=\"elementor-column elementor-col-50 elementor-inner-column elementor-element elementor-element-1c349b66\" data-id=\"1c349b66\" data-element_type=\"column\" data-e-type=\"column\">\n\t\t\t<div class=\"elementor-widget-wrap elementor-element-populated\">\n\t\t\t\t\t\t<div class=\"elementor-element elementor-element-3bbf3369 elementor-widget elementor-widget-text-editor\" data-id=\"3bbf3369\" data-element_type=\"widget\" data-e-type=\"widget\" data-widget_type=\"text-editor.default\">\n\t\t\t\t<div class=\"elementor-widget-container\">\n\t\t\t\t\t\t\t\t\t<p>\u00a0<\/p><p><span style=\"font-size: 15px; font-style: normal; font-weight: bold;\">Material did\u00e1tico importado<\/span><br \/><span class=\"TextRun SCXW17826345 BCX0\" lang=\"PT-BR\" xml:lang=\"PT-BR\" data-contrast=\"auto\"><span class=\"NormalTextRun SCXW17826345 BCX0\">Sob Consulta<\/span><\/span><span class=\"EOP SCXW17826345 BCX0\" data-ccp-props=\"{&quot;134233117&quot;:false,&quot;134233118&quot;:false,&quot;201341983&quot;:0,&quot;335551550&quot;:1,&quot;335551620&quot;:1,&quot;335559685&quot;:0,&quot;335559731&quot;:0,&quot;335559737&quot;:0,&quot;335559738&quot;:0,&quot;335559739&quot;:160,&quot;335559740&quot;:279}\">\u00a0<\/span><\/p>\t\t\t\t\t\t\t\t<\/div>\n\t\t\t\t<\/div>\n\t\t\t\t\t<\/div>\n\t\t<\/div>\n\t\t\t\t\t<\/div>\n\t\t<\/section>\n\t\t\t\t<section class=\"elementor-section elementor-inner-section elementor-element elementor-element-229f3de7 elementor-section-boxed elementor-section-height-default elementor-section-height-default\" data-id=\"229f3de7\" data-element_type=\"section\" data-e-type=\"section\" data-settings=\"{&quot;background_background&quot;:&quot;classic&quot;,&quot;_ha_eqh_enable&quot;:false}\">\n\t\t\t\t\t\t<div class=\"elementor-container elementor-column-gap-default\">\n\t\t\t\t\t<div class=\"elementor-column elementor-col-100 elementor-inner-column elementor-element elementor-element-736ddbd3\" data-id=\"736ddbd3\" data-element_type=\"column\" data-e-type=\"column\" data-settings=\"{&quot;background_background&quot;:&quot;classic&quot;}\">\n\t\t\t<div class=\"elementor-widget-wrap elementor-element-populated\">\n\t\t\t\t\t\t<div class=\"elementor-element elementor-element-c41d18d elementor-align-center elementor-widget elementor-widget-button\" data-id=\"c41d18d\" data-element_type=\"widget\" data-e-type=\"widget\" data-widget_type=\"button.default\">\n\t\t\t\t<div class=\"elementor-widget-container\">\n\t\t\t\t\t\t\t\t\t<div class=\"elementor-button-wrapper\">\n\t\t\t\t\t<a class=\"elementor-button elementor-button-link elementor-size-sm\" href=\"https:\/\/api.whatsapp.com\/send\/?phone=5541988127104&#038;text=Ol%C3%A1+vim+pelo+site+do+BCCenter.&#038;type=phone_number&#038;app_absent=0\">\n\t\t\t\t\t\t<span class=\"elementor-button-content-wrapper\">\n\t\t\t\t\t\t\t\t\t<span class=\"elementor-button-text\">Mais informa\u00e7\u00f5es<\/span>\n\t\t\t\t\t<\/span>\n\t\t\t\t\t<\/a>\n\t\t\t\t<\/div>\n\t\t\t\t\t\t\t\t<\/div>\n\t\t\t\t<\/div>\n\t\t\t\t\t<\/div>\n\t\t<\/div>\n\t\t\t\t\t<\/div>\n\t\t<\/section>\n\t\t\t\t\t<\/div>\n\t\t<\/div>\n\t\t\t\t\t<\/div>\n\t\t<\/section>\n\t\t\t\t<\/div>\n\t\t","protected":false},"excerpt":{"rendered":"<p>Business English Business English Diversos n\u00edveis FREQU\u00caNCIA\u00a0 \u00a0 \u00a0 \u00a0 \u00a0 \u00a0 \u00a0 \u00a0 \u00a0 \u00a0 \u00a0 \u00a0 \u00a0 \u00a0 \u00a0 \u00a0 \u00a0 \u00a0\u00a0 \u00c0 combinar\u00a0\u00a0 CARGA HOR\u00c1RIA POR M\u00d3DULO60 Horas CARGA HOR\u00c1RIA DI\u00c1RIA\u00a0 \u00a0 \u00a0 \u00a0 \u00a0\u00a0 Aulas de 1h30\u00a0 \u00a0 Material did\u00e1tico importadoSob Consulta\u00a0 Mais informa\u00e7\u00f5es<\/p>\n","protected":false},"author":1,"featured_media":0,"parent":883,"menu_order":0,"comment_status":"closed","ping_status":"closed","template":"elementor_header_footer","meta":{"site-sidebar-layout":"no-sidebar","site-content-layout":"page-builder","ast-site-content-layout":"default","site-content-style":"default","site-sidebar-style":"default","ast-global-header-display":"","ast-banner-title-visibility":"","ast-main-header-display":"","ast-hfb-above-header-display":"","ast-hfb-below-header-display":"","ast-hfb-mobile-header-display":"","site-post-title":"disabled","ast-breadcrumbs-content":"","ast-featured-img":"disabled","footer-sml-layout":"","ast-disable-related-posts":"","theme-transparent-header-meta":"default","adv-header-id-meta":"","stick-header-meta":"","header-above-stick-meta":"","header-main-stick-meta":"","header-below-stick-meta":"","astra-migrate-meta-layouts":"default","ast-page-background-enabled":"default","ast-page-background-meta":{"desktop":{"background-color":"var(--ast-global-color-4)","background-image":"","background-repeat":"repeat","background-position":"center center","background-size":"auto","background-attachment":"scroll","background-type":"","background-media":"","overlay-type":"","overlay-color":"","overlay-opacity":"","overlay-gradient":""},"tablet":{"background-color":"","background-image":"","background-repeat":"repeat","background-position":"center center","background-size":"auto","background-attachment":"scroll","background-type":"","background-media":"","overlay-type":"","overlay-color":"","overlay-opacity":"","overlay-gradient":""},"mobile":{"background-color":"","background-image":"","background-repeat":"repeat","background-position":"center center","background-size":"auto","background-attachment":"scroll","background-type":"","background-media":"","overlay-type":"","overlay-color":"","overlay-opacity":"","overlay-gradient":""}},"ast-content-background-meta":{"desktop":{"background-color":"var(--ast-global-color-5)","background-image":"","background-repeat":"repeat","background-position":"center center","background-size":"auto","background-attachment":"scroll","background-type":"","background-media":"","overlay-type":"","overlay-color":"","overlay-opacity":"","overlay-gradient":""},"tablet":{"background-color":"var(--ast-global-color-5)","background-image":"","background-repeat":"repeat","background-position":"center center","background-size":"auto","background-attachment":"scroll","background-type":"","background-media":"","overlay-type":"","overlay-color":"","overlay-opacity":"","overlay-gradient":""},"mobile":{"background-color":"var(--ast-global-color-5)","background-image":"","background-repeat":"repeat","background-position":"center center","background-size":"auto","background-attachment":"scroll","background-type":"","background-media":"","overlay-type":"","overlay-color":"","overlay-opacity":"","overlay-gradient":""}},"_joinchat":[],"footnotes":""},"class_list":["post-884","page","type-page","status-publish","hentry"],"yoast_head":"<!-- This site is optimized with the Yoast SEO plugin v27.4 - https:\/\/yoast.com\/product\/yoast-seo-wordpress\/ -->\n<title>Business English - Ingl\u00eas em Curitiba | On The Road Business Center<\/title>\n<meta name=\"robots\" content=\"index, follow, max-snippet:-1, max-image-preview:large, max-video-preview:-1\" \/>\n<link rel=\"canonical\" href=\"https:\/\/bccenter.com.br\/site\/cursos-presenciais\/business-english\/\" \/>\n<meta property=\"og:locale\" content=\"pt_BR\" \/>\n<meta property=\"og:type\" content=\"article\" \/>\n<meta property=\"og:title\" content=\"Business English - Ingl\u00eas em Curitiba | On The Road Business Center\" \/>\n<meta property=\"og:description\" content=\"Business English Business English Diversos n\u00edveis FREQU\u00caNCIA\u00a0 \u00a0 \u00a0 \u00a0 \u00a0 \u00a0 \u00a0 \u00a0 \u00a0 \u00a0 \u00a0 \u00a0 \u00a0 \u00a0 \u00a0 \u00a0 \u00a0 \u00a0\u00a0 \u00c0 combinar\u00a0\u00a0 CARGA HOR\u00c1RIA POR M\u00d3DULO60 Horas CARGA HOR\u00c1RIA DI\u00c1RIA\u00a0 \u00a0 \u00a0 \u00a0 \u00a0\u00a0 Aulas de 1h30\u00a0 \u00a0 Material did\u00e1tico importadoSob Consulta\u00a0 Mais informa\u00e7\u00f5es\" \/>\n<meta property=\"og:url\" content=\"https:\/\/bccenter.com.br\/site\/cursos-presenciais\/business-english\/?lang=en\" \/>\n<meta property=\"og:site_name\" content=\"Ingl\u00eas em Curitiba | On The Road Business Center\" \/>\n<meta property=\"article:publisher\" content=\"https:\/\/www.facebook.com\/ontheroad.bccenter\" \/>\n<meta property=\"article:modified_time\" content=\"2025-01-17T16:39:10+00:00\" \/>\n<meta property=\"og:image\" content=\"https:\/\/bccenter.com.br\/site\/wp-content\/uploads\/2024\/10\/WhatsApp-Image-2024-10-08-at-20.03.54-2.jpeg\" \/>\n\t<meta property=\"og:image:width\" content=\"1600\" \/>\n\t<meta property=\"og:image:height\" content=\"1200\" \/>\n\t<meta property=\"og:image:type\" content=\"image\/jpeg\" \/>\n<meta name=\"twitter:card\" content=\"summary_large_image\" \/>\n<meta name=\"twitter:site\" content=\"@ontheroadbcc\" \/>\n<meta name=\"twitter:label1\" content=\"Est. tempo de leitura\" \/>\n\t<meta name=\"twitter:data1\" content=\"1 minuto\" \/>\n<script type=\"application\/ld+json\" class=\"yoast-schema-graph\">{\"@context\":\"https:\\\/\\\/schema.org\",\"@graph\":[{\"@type\":\"WebPage\",\"@id\":\"https:\\\/\\\/bccenter.com.br\\\/site\\\/cursos-presenciais\\\/business-english\\\/?lang=en\",\"url\":\"https:\\\/\\\/bccenter.com.br\\\/site\\\/cursos-presenciais\\\/business-english\\\/?lang=en\",\"name\":\"Business English - Ingl\u00eas em Curitiba | On The Road Business Center\",\"isPartOf\":{\"@id\":\"https:\\\/\\\/bccenter.com.br\\\/site\\\/#website\"},\"primaryImageOfPage\":{\"@id\":\"https:\\\/\\\/bccenter.com.br\\\/site\\\/cursos-presenciais\\\/business-english\\\/?lang=en#primaryimage\"},\"image\":{\"@id\":\"https:\\\/\\\/bccenter.com.br\\\/site\\\/cursos-presenciais\\\/business-english\\\/?lang=en#primaryimage\"},\"thumbnailUrl\":\"https:\\\/\\\/bccenter.com.br\\\/site\\\/wp-content\\\/uploads\\\/2024\\\/10\\\/WhatsApp-Image-2024-10-08-at-20.03.54-2-1024x768.jpeg\",\"datePublished\":\"2020-12-08T15:36:58+00:00\",\"dateModified\":\"2025-01-17T16:39:10+00:00\",\"breadcrumb\":{\"@id\":\"https:\\\/\\\/bccenter.com.br\\\/site\\\/cursos-presenciais\\\/business-english\\\/?lang=en#breadcrumb\"},\"inLanguage\":\"pt-BR\",\"potentialAction\":[{\"@type\":\"ReadAction\",\"target\":[\"https:\\\/\\\/bccenter.com.br\\\/site\\\/cursos-presenciais\\\/business-english\\\/?lang=en\"]}]},{\"@type\":\"ImageObject\",\"inLanguage\":\"pt-BR\",\"@id\":\"https:\\\/\\\/bccenter.com.br\\\/site\\\/cursos-presenciais\\\/business-english\\\/?lang=en#primaryimage\",\"url\":\"https:\\\/\\\/bccenter.com.br\\\/site\\\/wp-content\\\/uploads\\\/2024\\\/10\\\/WhatsApp-Image-2024-10-08-at-20.03.54-2.jpeg\",\"contentUrl\":\"https:\\\/\\\/bccenter.com.br\\\/site\\\/wp-content\\\/uploads\\\/2024\\\/10\\\/WhatsApp-Image-2024-10-08-at-20.03.54-2.jpeg\",\"width\":1600,\"height\":1200},{\"@type\":\"BreadcrumbList\",\"@id\":\"https:\\\/\\\/bccenter.com.br\\\/site\\\/cursos-presenciais\\\/business-english\\\/?lang=en#breadcrumb\",\"itemListElement\":[{\"@type\":\"ListItem\",\"position\":1,\"name\":\"In\u00edcio\",\"item\":\"https:\\\/\\\/bccenter.com.br\\\/site\\\/\"},{\"@type\":\"ListItem\",\"position\":2,\"name\":\"Classroon Courses\",\"item\":\"https:\\\/\\\/bccenter.com.br\\\/site\\\/cursos-presenciais\\\/?lang=en\"},{\"@type\":\"ListItem\",\"position\":3,\"name\":\"Business English\"}]},{\"@type\":\"WebSite\",\"@id\":\"https:\\\/\\\/bccenter.com.br\\\/site\\\/#website\",\"url\":\"https:\\\/\\\/bccenter.com.br\\\/site\\\/\",\"name\":\"Ingl\u00eas em Curitiba | On The Road Business Center\",\"description\":\"\",\"publisher\":{\"@id\":\"https:\\\/\\\/bccenter.com.br\\\/site\\\/#organization\"},\"potentialAction\":[{\"@type\":\"SearchAction\",\"target\":{\"@type\":\"EntryPoint\",\"urlTemplate\":\"https:\\\/\\\/bccenter.com.br\\\/site\\\/?s={search_term_string}\"},\"query-input\":{\"@type\":\"PropertyValueSpecification\",\"valueRequired\":true,\"valueName\":\"search_term_string\"}}],\"inLanguage\":\"pt-BR\"},{\"@type\":\"Organization\",\"@id\":\"https:\\\/\\\/bccenter.com.br\\\/site\\\/#organization\",\"name\":\"On The Road - Business Comunication\",\"url\":\"https:\\\/\\\/bccenter.com.br\\\/site\\\/\",\"logo\":{\"@type\":\"ImageObject\",\"inLanguage\":\"pt-BR\",\"@id\":\"https:\\\/\\\/bccenter.com.br\\\/site\\\/#\\\/schema\\\/logo\\\/image\\\/\",\"url\":\"https:\\\/\\\/bccenter.com.br\\\/site\\\/wp-content\\\/uploads\\\/2021\\\/01\\\/logo-bc-center.png\",\"contentUrl\":\"https:\\\/\\\/bccenter.com.br\\\/site\\\/wp-content\\\/uploads\\\/2021\\\/01\\\/logo-bc-center.png\",\"width\":433,\"height\":108,\"caption\":\"On The Road - Business Comunication\"},\"image\":{\"@id\":\"https:\\\/\\\/bccenter.com.br\\\/site\\\/#\\\/schema\\\/logo\\\/image\\\/\"},\"sameAs\":[\"https:\\\/\\\/www.facebook.com\\\/ontheroad.bccenter\",\"https:\\\/\\\/x.com\\\/ontheroadbcc\"]}]}<\/script>\n<!-- \/ Yoast SEO plugin. -->","yoast_head_json":{"title":"Business English - Ingl\u00eas em Curitiba | On The Road Business Center","robots":{"index":"index","follow":"follow","max-snippet":"max-snippet:-1","max-image-preview":"max-image-preview:large","max-video-preview":"max-video-preview:-1"},"canonical":"https:\/\/bccenter.com.br\/site\/cursos-presenciais\/business-english\/","og_locale":"pt_BR","og_type":"article","og_title":"Business English - Ingl\u00eas em Curitiba | On The Road Business Center","og_description":"Business English Business English Diversos n\u00edveis FREQU\u00caNCIA\u00a0 \u00a0 \u00a0 \u00a0 \u00a0 \u00a0 \u00a0 \u00a0 \u00a0 \u00a0 \u00a0 \u00a0 \u00a0 \u00a0 \u00a0 \u00a0 \u00a0 \u00a0\u00a0 \u00c0 combinar\u00a0\u00a0 CARGA HOR\u00c1RIA POR M\u00d3DULO60 Horas CARGA HOR\u00c1RIA DI\u00c1RIA\u00a0 \u00a0 \u00a0 \u00a0 \u00a0\u00a0 Aulas de 1h30\u00a0 \u00a0 Material did\u00e1tico importadoSob Consulta\u00a0 Mais informa\u00e7\u00f5es","og_url":"https:\/\/bccenter.com.br\/site\/cursos-presenciais\/business-english\/?lang=en","og_site_name":"Ingl\u00eas em Curitiba | On The Road Business Center","article_publisher":"https:\/\/www.facebook.com\/ontheroad.bccenter","article_modified_time":"2025-01-17T16:39:10+00:00","og_image":[{"width":1600,"height":1200,"url":"https:\/\/bccenter.com.br\/site\/wp-content\/uploads\/2024\/10\/WhatsApp-Image-2024-10-08-at-20.03.54-2.jpeg","type":"image\/jpeg"}],"twitter_card":"summary_large_image","twitter_site":"@ontheroadbcc","twitter_misc":{"Est. tempo de leitura":"1 minuto"},"schema":{"@context":"https:\/\/schema.org","@graph":[{"@type":"WebPage","@id":"https:\/\/bccenter.com.br\/site\/cursos-presenciais\/business-english\/?lang=en","url":"https:\/\/bccenter.com.br\/site\/cursos-presenciais\/business-english\/?lang=en","name":"Business English - Ingl\u00eas em Curitiba | On The Road Business Center","isPartOf":{"@id":"https:\/\/bccenter.com.br\/site\/#website"},"primaryImageOfPage":{"@id":"https:\/\/bccenter.com.br\/site\/cursos-presenciais\/business-english\/?lang=en#primaryimage"},"image":{"@id":"https:\/\/bccenter.com.br\/site\/cursos-presenciais\/business-english\/?lang=en#primaryimage"},"thumbnailUrl":"https:\/\/bccenter.com.br\/site\/wp-content\/uploads\/2024\/10\/WhatsApp-Image-2024-10-08-at-20.03.54-2-1024x768.jpeg","datePublished":"2020-12-08T15:36:58+00:00","dateModified":"2025-01-17T16:39:10+00:00","breadcrumb":{"@id":"https:\/\/bccenter.com.br\/site\/cursos-presenciais\/business-english\/?lang=en#breadcrumb"},"inLanguage":"pt-BR","potentialAction":[{"@type":"ReadAction","target":["https:\/\/bccenter.com.br\/site\/cursos-presenciais\/business-english\/?lang=en"]}]},{"@type":"ImageObject","inLanguage":"pt-BR","@id":"https:\/\/bccenter.com.br\/site\/cursos-presenciais\/business-english\/?lang=en#primaryimage","url":"https:\/\/bccenter.com.br\/site\/wp-content\/uploads\/2024\/10\/WhatsApp-Image-2024-10-08-at-20.03.54-2.jpeg","contentUrl":"https:\/\/bccenter.com.br\/site\/wp-content\/uploads\/2024\/10\/WhatsApp-Image-2024-10-08-at-20.03.54-2.jpeg","width":1600,"height":1200},{"@type":"BreadcrumbList","@id":"https:\/\/bccenter.com.br\/site\/cursos-presenciais\/business-english\/?lang=en#breadcrumb","itemListElement":[{"@type":"ListItem","position":1,"name":"In\u00edcio","item":"https:\/\/bccenter.com.br\/site\/"},{"@type":"ListItem","position":2,"name":"Classroon Courses","item":"https:\/\/bccenter.com.br\/site\/cursos-presenciais\/?lang=en"},{"@type":"ListItem","position":3,"name":"Business English"}]},{"@type":"WebSite","@id":"https:\/\/bccenter.com.br\/site\/#website","url":"https:\/\/bccenter.com.br\/site\/","name":"Ingl\u00eas em Curitiba | On The Road Business Center","description":"","publisher":{"@id":"https:\/\/bccenter.com.br\/site\/#organization"},"potentialAction":[{"@type":"SearchAction","target":{"@type":"EntryPoint","urlTemplate":"https:\/\/bccenter.com.br\/site\/?s={search_term_string}"},"query-input":{"@type":"PropertyValueSpecification","valueRequired":true,"valueName":"search_term_string"}}],"inLanguage":"pt-BR"},{"@type":"Organization","@id":"https:\/\/bccenter.com.br\/site\/#organization","name":"On The Road - Business Comunication","url":"https:\/\/bccenter.com.br\/site\/","logo":{"@type":"ImageObject","inLanguage":"pt-BR","@id":"https:\/\/bccenter.com.br\/site\/#\/schema\/logo\/image\/","url":"https:\/\/bccenter.com.br\/site\/wp-content\/uploads\/2021\/01\/logo-bc-center.png","contentUrl":"https:\/\/bccenter.com.br\/site\/wp-content\/uploads\/2021\/01\/logo-bc-center.png","width":433,"height":108,"caption":"On The Road - Business Comunication"},"image":{"@id":"https:\/\/bccenter.com.br\/site\/#\/schema\/logo\/image\/"},"sameAs":["https:\/\/www.facebook.com\/ontheroad.bccenter","https:\/\/x.com\/ontheroadbcc"]}]}},"_links":{"self":[{"href":"https:\/\/bccenter.com.br\/site\/wp-json\/wp\/v2\/pages\/884","targetHints":{"allow":["GET"]}}],"collection":[{"href":"https:\/\/bccenter.com.br\/site\/wp-json\/wp\/v2\/pages"}],"about":[{"href":"https:\/\/bccenter.com.br\/site\/wp-json\/wp\/v2\/types\/page"}],"author":[{"embeddable":true,"href":"https:\/\/bccenter.com.br\/site\/wp-json\/wp\/v2\/users\/1"}],"replies":[{"embeddable":true,"href":"https:\/\/bccenter.com.br\/site\/wp-json\/wp\/v2\/comments?post=884"}],"version-history":[{"count":0,"href":"https:\/\/bccenter.com.br\/site\/wp-json\/wp\/v2\/pages\/884\/revisions"}],"up":[{"embeddable":true,"href":"https:\/\/bccenter.com.br\/site\/wp-json\/wp\/v2\/pages\/883"}],"wp:attachment":[{"href":"https:\/\/bccenter.com.br\/site\/wp-json\/wp\/v2\/media?parent=884"}],"curies":[{"name":"wp","href":"https:\/\/api.w.org\/{rel}","templated":true}]}}