{"id":887,"date":"2020-12-08T12:37:33","date_gmt":"2020-12-08T15:37:33","guid":{"rendered":"http:\/\/bccenter.com.br\/site\/cursos-presenciais\/curso-italiano\/"},"modified":"2025-01-17T13:58:34","modified_gmt":"2025-01-17T16:58:34","slug":"preparatorios-certificacao-internacional","status":"publish","type":"page","link":"https:\/\/bccenter.com.br\/site\/cursos-presenciais\/preparatorios-certificacao-internacional\/?lang=en","title":{"rendered":"Preparat\u00f3rios Certifica\u00e7\u00e3o Internacional"},"content":{"rendered":"\t\t<div data-elementor-type=\"wp-page\" data-elementor-id=\"887\" class=\"elementor elementor-887\" data-elementor-settings=\"{&quot;ha_cmc_init_switcher&quot;:&quot;no&quot;}\" data-elementor-post-type=\"page\">\n\t\t\t\t\t\t<section class=\"elementor-section elementor-top-section elementor-element elementor-element-302acf21 elementor-section-height-min-height elementor-section-items-bottom elementor-section-content-middle elementor-section-boxed elementor-section-height-default\" data-id=\"302acf21\" data-element_type=\"section\" data-e-type=\"section\" data-settings=\"{&quot;background_background&quot;:&quot;classic&quot;,&quot;_ha_eqh_enable&quot;:false}\">\n\t\t\t\t\t\t<div class=\"elementor-container elementor-column-gap-default\">\n\t\t\t\t\t<div class=\"elementor-column elementor-col-100 elementor-top-column elementor-element elementor-element-21612863\" data-id=\"21612863\" data-element_type=\"column\" data-e-type=\"column\">\n\t\t\t<div class=\"elementor-widget-wrap elementor-element-populated\">\n\t\t\t\t\t\t<div class=\"elementor-element elementor-element-7d31147d elementor-widget elementor-widget-heading\" data-id=\"7d31147d\" data-element_type=\"widget\" data-e-type=\"widget\" data-widget_type=\"heading.default\">\n\t\t\t\t<div class=\"elementor-widget-container\">\n\t\t\t\t\t<h1 class=\"elementor-heading-title elementor-size-default\">preparat\u00f3rios certifica\u00e7\u00e3o internacional<\/h1>\t\t\t\t<\/div>\n\t\t\t\t<\/div>\n\t\t\t\t\t<\/div>\n\t\t<\/div>\n\t\t\t\t\t<\/div>\n\t\t<\/section>\n\t\t\t\t<section class=\"elementor-section elementor-top-section elementor-element elementor-element-60bf7221 elementor-section-content-space-evenly elementor-section-boxed elementor-section-height-default elementor-section-height-default\" data-id=\"60bf7221\" data-element_type=\"section\" data-e-type=\"section\" data-settings=\"{&quot;_ha_eqh_enable&quot;:false}\">\n\t\t\t\t\t\t<div class=\"elementor-container elementor-column-gap-default\">\n\t\t\t\t\t<div class=\"elementor-column elementor-col-50 elementor-top-column elementor-element elementor-element-22b64194\" data-id=\"22b64194\" data-element_type=\"column\" data-e-type=\"column\" data-settings=\"{&quot;background_background&quot;:&quot;classic&quot;}\">\n\t\t\t<div class=\"elementor-widget-wrap elementor-element-populated\">\n\t\t\t\t\t\t<div class=\"elementor-element elementor-element-6df11778 elementor-widget elementor-widget-image\" data-id=\"6df11778\" data-element_type=\"widget\" data-e-type=\"widget\" data-widget_type=\"image.default\">\n\t\t\t\t<div class=\"elementor-widget-container\">\n\t\t\t\t\t\t\t\t\t\t\t\t\t\t\t<img fetchpriority=\"high\" decoding=\"async\" width=\"837\" height=\"430\" src=\"https:\/\/bccenter.com.br\/site\/wp-content\/uploads\/2020\/12\/business-english-837x430-1.jpg\" class=\"attachment-large size-large wp-image-1461\" alt=\"\" srcset=\"https:\/\/bccenter.com.br\/site\/wp-content\/uploads\/2020\/12\/business-english-837x430-1.jpg 837w, https:\/\/bccenter.com.br\/site\/wp-content\/uploads\/2020\/12\/business-english-837x430-1-300x154.jpg 300w, https:\/\/bccenter.com.br\/site\/wp-content\/uploads\/2020\/12\/business-english-837x430-1-768x395.jpg 768w, https:\/\/bccenter.com.br\/site\/wp-content\/uploads\/2020\/12\/business-english-837x430-1-400x205.jpg 400w, https:\/\/bccenter.com.br\/site\/wp-content\/uploads\/2020\/12\/business-english-837x430-1-600x308.jpg 600w\" sizes=\"(max-width: 837px) 100vw, 837px\" \/>\t\t\t\t\t\t\t\t\t\t\t\t\t\t\t<\/div>\n\t\t\t\t<\/div>\n\t\t\t\t\t<\/div>\n\t\t<\/div>\n\t\t\t\t<div class=\"elementor-column elementor-col-50 elementor-top-column elementor-element elementor-element-558b77f4\" data-id=\"558b77f4\" data-element_type=\"column\" data-e-type=\"column\" data-settings=\"{&quot;background_background&quot;:&quot;classic&quot;}\">\n\t\t\t<div class=\"elementor-widget-wrap elementor-element-populated\">\n\t\t\t\t\t\t<div class=\"elementor-element elementor-element-43e8b737 elementor-widget elementor-widget-heading\" data-id=\"43e8b737\" data-element_type=\"widget\" data-e-type=\"widget\" data-widget_type=\"heading.default\">\n\t\t\t\t<div class=\"elementor-widget-container\">\n\t\t\t\t\t<h2 class=\"elementor-heading-title elementor-size-default\">Preparatory Package<br>\nTOEFL ITP<\/h2>\t\t\t\t<\/div>\n\t\t\t\t<\/div>\n\t\t\t\t<div class=\"elementor-element elementor-element-dd902e7 elementor-widget elementor-widget-heading\" data-id=\"dd902e7\" data-element_type=\"widget\" data-e-type=\"widget\" data-widget_type=\"heading.default\">\n\t\t\t\t<div class=\"elementor-widget-container\">\n\t\t\t\t\t<h2 class=\"elementor-heading-title elementor-size-default\">TOEFL IBT<\/h2>\t\t\t\t<\/div>\n\t\t\t\t<\/div>\n\t\t\t\t<div class=\"elementor-element elementor-element-78cd3e elementor-widget elementor-widget-heading\" data-id=\"78cd3e\" data-element_type=\"widget\" data-e-type=\"widget\" data-widget_type=\"heading.default\">\n\t\t\t\t<div class=\"elementor-widget-container\">\n\t\t\t\t\t<h2 class=\"elementor-heading-title elementor-size-default\">\nTOEIC<\/h2>\t\t\t\t<\/div>\n\t\t\t\t<\/div>\n\t\t\t\t<div class=\"elementor-element elementor-element-3ed75c32 elementor-widget elementor-widget-heading\" data-id=\"3ed75c32\" data-element_type=\"widget\" data-e-type=\"widget\" data-widget_type=\"heading.default\">\n\t\t\t\t<div class=\"elementor-widget-container\">\n\t\t\t\t\t<h2 class=\"elementor-heading-title elementor-size-default\">\nTOEFL IELTS<\/h2>\t\t\t\t<\/div>\n\t\t\t\t<\/div>\n\t\t\t\t<div class=\"elementor-element elementor-element-c00f6c6 elementor-widget elementor-widget-heading\" data-id=\"c00f6c6\" data-element_type=\"widget\" data-e-type=\"widget\" data-widget_type=\"heading.default\">\n\t\t\t\t<div class=\"elementor-widget-container\">\n\t\t\t\t\t<h2 class=\"elementor-heading-title elementor-size-default\">Cambridge<\/h2>\t\t\t\t<\/div>\n\t\t\t\t<\/div>\n\t\t\t\t\t<\/div>\n\t\t<\/div>\n\t\t\t\t\t<\/div>\n\t\t<\/section>\n\t\t\t\t<section class=\"elementor-section elementor-top-section elementor-element elementor-element-4dd62c9 elementor-section-boxed elementor-section-height-default elementor-section-height-default\" data-id=\"4dd62c9\" data-element_type=\"section\" data-e-type=\"section\" data-settings=\"{&quot;_ha_eqh_enable&quot;:false}\">\n\t\t\t\t\t\t<div class=\"elementor-container elementor-column-gap-default\">\n\t\t\t\t\t<div class=\"elementor-column elementor-col-100 elementor-top-column elementor-element elementor-element-8093809\" data-id=\"8093809\" data-element_type=\"column\" data-e-type=\"column\">\n\t\t\t<div class=\"elementor-widget-wrap elementor-element-populated\">\n\t\t\t\t\t\t<div class=\"elementor-element elementor-element-3c80819 elementor-align-center elementor-widget elementor-widget-button\" data-id=\"3c80819\" data-element_type=\"widget\" data-e-type=\"widget\" data-widget_type=\"button.default\">\n\t\t\t\t<div class=\"elementor-widget-container\">\n\t\t\t\t\t\t\t\t\t<div class=\"elementor-button-wrapper\">\n\t\t\t\t\t<a class=\"elementor-button elementor-button-link elementor-size-md\" href=\"https:\/\/bccenter.com.br\/site\/contato\/\">\n\t\t\t\t\t\t<span class=\"elementor-button-content-wrapper\">\n\t\t\t\t\t\t\t\t\t<span class=\"elementor-button-text\">Entre em contato!<\/span>\n\t\t\t\t\t<\/span>\n\t\t\t\t\t<\/a>\n\t\t\t\t<\/div>\n\t\t\t\t\t\t\t\t<\/div>\n\t\t\t\t<\/div>\n\t\t\t\t\t<\/div>\n\t\t<\/div>\n\t\t\t\t\t<\/div>\n\t\t<\/section>\n\t\t\t\t<\/div>\n\t\t","protected":false},"excerpt":{"rendered":"<p>preparat\u00f3rios certifica\u00e7\u00e3o internacional Preparatory Package TOEFL ITP TOEFL IBT TOEIC TOEFL IELTS Cambridge Entre em contato!<\/p>\n","protected":false},"author":1,"featured_media":0,"parent":883,"menu_order":0,"comment_status":"closed","ping_status":"closed","template":"elementor_header_footer","meta":{"site-sidebar-layout":"no-sidebar","site-content-layout":"page-builder","ast-site-content-layout":"default","site-content-style":"default","site-sidebar-style":"default","ast-global-header-display":"","ast-banner-title-visibility":"","ast-main-header-display":"","ast-hfb-above-header-display":"","ast-hfb-below-header-display":"","ast-hfb-mobile-header-display":"","site-post-title":"disabled","ast-breadcrumbs-content":"","ast-featured-img":"disabled","footer-sml-layout":"","ast-disable-related-posts":"","theme-transparent-header-meta":"default","adv-header-id-meta":"","stick-header-meta":"","header-above-stick-meta":"","header-main-stick-meta":"","header-below-stick-meta":"","astra-migrate-meta-layouts":"default","ast-page-background-enabled":"default","ast-page-background-meta":{"desktop":{"background-color":"var(--ast-global-color-4)","background-image":"","background-repeat":"repeat","background-position":"center center","background-size":"auto","background-attachment":"scroll","background-type":"","background-media":"","overlay-type":"","overlay-color":"","overlay-opacity":"","overlay-gradient":""},"tablet":{"background-color":"","background-image":"","background-repeat":"repeat","background-position":"center center","background-size":"auto","background-attachment":"scroll","background-type":"","background-media":"","overlay-type":"","overlay-color":"","overlay-opacity":"","overlay-gradient":""},"mobile":{"background-color":"","background-image":"","background-repeat":"repeat","background-position":"center center","background-size":"auto","background-attachment":"scroll","background-type":"","background-media":"","overlay-type":"","overlay-color":"","overlay-opacity":"","overlay-gradient":""}},"ast-content-background-meta":{"desktop":{"background-color":"var(--ast-global-color-5)","background-image":"","background-repeat":"repeat","background-position":"center center","background-size":"auto","background-attachment":"scroll","background-type":"","background-media":"","overlay-type":"","overlay-color":"","overlay-opacity":"","overlay-gradient":""},"tablet":{"background-color":"var(--ast-global-color-5)","background-image":"","background-repeat":"repeat","background-position":"center center","background-size":"auto","background-attachment":"scroll","background-type":"","background-media":"","overlay-type":"","overlay-color":"","overlay-opacity":"","overlay-gradient":""},"mobile":{"background-color":"var(--ast-global-color-5)","background-image":"","background-repeat":"repeat","background-position":"center center","background-size":"auto","background-attachment":"scroll","background-type":"","background-media":"","overlay-type":"","overlay-color":"","overlay-opacity":"","overlay-gradient":""}},"_joinchat":[],"footnotes":""},"class_list":["post-887","page","type-page","status-publish","hentry"],"yoast_head":"<!-- This site is optimized with the Yoast SEO plugin v27.4 - https:\/\/yoast.com\/product\/yoast-seo-wordpress\/ -->\n<title>Preparat\u00f3rios Certifica\u00e7\u00e3o Internacional - Ingl\u00eas em Curitiba | On The Road Business Center<\/title>\n<meta name=\"robots\" content=\"index, follow, max-snippet:-1, max-image-preview:large, max-video-preview:-1\" \/>\n<link rel=\"canonical\" href=\"https:\/\/bccenter.com.br\/site\/cursos-presenciais\/preparatorios-certificacao-internacional\/\" \/>\n<meta property=\"og:locale\" content=\"pt_BR\" \/>\n<meta property=\"og:type\" content=\"article\" \/>\n<meta property=\"og:title\" content=\"Preparat\u00f3rios Certifica\u00e7\u00e3o Internacional - Ingl\u00eas em Curitiba | On The Road Business Center\" \/>\n<meta property=\"og:description\" content=\"preparat\u00f3rios certifica\u00e7\u00e3o internacional Preparatory Package TOEFL ITP TOEFL IBT TOEIC TOEFL IELTS Cambridge Entre em contato!\" \/>\n<meta property=\"og:url\" content=\"https:\/\/bccenter.com.br\/site\/cursos-presenciais\/preparatorios-certificacao-internacional\/?lang=en\" \/>\n<meta property=\"og:site_name\" content=\"Ingl\u00eas em Curitiba | On The Road Business Center\" \/>\n<meta property=\"article:publisher\" content=\"https:\/\/www.facebook.com\/ontheroad.bccenter\" \/>\n<meta property=\"article:modified_time\" content=\"2025-01-17T16:58:34+00:00\" \/>\n<meta property=\"og:image\" content=\"https:\/\/bccenter.com.br\/site\/wp-content\/uploads\/2020\/12\/business-english-837x430-1.jpg\" \/>\n\t<meta property=\"og:image:width\" content=\"837\" \/>\n\t<meta property=\"og:image:height\" content=\"430\" \/>\n\t<meta property=\"og:image:type\" content=\"image\/jpeg\" \/>\n<meta name=\"twitter:card\" content=\"summary_large_image\" \/>\n<meta name=\"twitter:site\" content=\"@ontheroadbcc\" \/>\n<meta name=\"twitter:label1\" content=\"Est. tempo de leitura\" \/>\n\t<meta name=\"twitter:data1\" content=\"1 minuto\" \/>\n<script type=\"application\/ld+json\" class=\"yoast-schema-graph\">{\"@context\":\"https:\\\/\\\/schema.org\",\"@graph\":[{\"@type\":\"WebPage\",\"@id\":\"https:\\\/\\\/bccenter.com.br\\\/site\\\/cursos-presenciais\\\/preparatorios-certificacao-internacional\\\/?lang=en\",\"url\":\"https:\\\/\\\/bccenter.com.br\\\/site\\\/cursos-presenciais\\\/preparatorios-certificacao-internacional\\\/?lang=en\",\"name\":\"Preparat\u00f3rios Certifica\u00e7\u00e3o Internacional - Ingl\u00eas em Curitiba | On The Road Business Center\",\"isPartOf\":{\"@id\":\"https:\\\/\\\/bccenter.com.br\\\/site\\\/#website\"},\"primaryImageOfPage\":{\"@id\":\"https:\\\/\\\/bccenter.com.br\\\/site\\\/cursos-presenciais\\\/preparatorios-certificacao-internacional\\\/?lang=en#primaryimage\"},\"image\":{\"@id\":\"https:\\\/\\\/bccenter.com.br\\\/site\\\/cursos-presenciais\\\/preparatorios-certificacao-internacional\\\/?lang=en#primaryimage\"},\"thumbnailUrl\":\"https:\\\/\\\/bccenter.com.br\\\/site\\\/wp-content\\\/uploads\\\/2020\\\/12\\\/business-english-837x430-1.jpg\",\"datePublished\":\"2020-12-08T15:37:33+00:00\",\"dateModified\":\"2025-01-17T16:58:34+00:00\",\"breadcrumb\":{\"@id\":\"https:\\\/\\\/bccenter.com.br\\\/site\\\/cursos-presenciais\\\/preparatorios-certificacao-internacional\\\/?lang=en#breadcrumb\"},\"inLanguage\":\"pt-BR\",\"potentialAction\":[{\"@type\":\"ReadAction\",\"target\":[\"https:\\\/\\\/bccenter.com.br\\\/site\\\/cursos-presenciais\\\/preparatorios-certificacao-internacional\\\/?lang=en\"]}]},{\"@type\":\"ImageObject\",\"inLanguage\":\"pt-BR\",\"@id\":\"https:\\\/\\\/bccenter.com.br\\\/site\\\/cursos-presenciais\\\/preparatorios-certificacao-internacional\\\/?lang=en#primaryimage\",\"url\":\"https:\\\/\\\/bccenter.com.br\\\/site\\\/wp-content\\\/uploads\\\/2020\\\/12\\\/business-english-837x430-1.jpg\",\"contentUrl\":\"https:\\\/\\\/bccenter.com.br\\\/site\\\/wp-content\\\/uploads\\\/2020\\\/12\\\/business-english-837x430-1.jpg\",\"width\":837,\"height\":430},{\"@type\":\"BreadcrumbList\",\"@id\":\"https:\\\/\\\/bccenter.com.br\\\/site\\\/cursos-presenciais\\\/preparatorios-certificacao-internacional\\\/?lang=en#breadcrumb\",\"itemListElement\":[{\"@type\":\"ListItem\",\"position\":1,\"name\":\"In\u00edcio\",\"item\":\"https:\\\/\\\/bccenter.com.br\\\/site\\\/\"},{\"@type\":\"ListItem\",\"position\":2,\"name\":\"Classroon Courses\",\"item\":\"https:\\\/\\\/bccenter.com.br\\\/site\\\/cursos-presenciais\\\/?lang=en\"},{\"@type\":\"ListItem\",\"position\":3,\"name\":\"Preparat\u00f3rios Certifica\u00e7\u00e3o Internacional\"}]},{\"@type\":\"WebSite\",\"@id\":\"https:\\\/\\\/bccenter.com.br\\\/site\\\/#website\",\"url\":\"https:\\\/\\\/bccenter.com.br\\\/site\\\/\",\"name\":\"Ingl\u00eas em Curitiba | On The Road Business Center\",\"description\":\"\",\"publisher\":{\"@id\":\"https:\\\/\\\/bccenter.com.br\\\/site\\\/#organization\"},\"potentialAction\":[{\"@type\":\"SearchAction\",\"target\":{\"@type\":\"EntryPoint\",\"urlTemplate\":\"https:\\\/\\\/bccenter.com.br\\\/site\\\/?s={search_term_string}\"},\"query-input\":{\"@type\":\"PropertyValueSpecification\",\"valueRequired\":true,\"valueName\":\"search_term_string\"}}],\"inLanguage\":\"pt-BR\"},{\"@type\":\"Organization\",\"@id\":\"https:\\\/\\\/bccenter.com.br\\\/site\\\/#organization\",\"name\":\"On The Road - Business Comunication\",\"url\":\"https:\\\/\\\/bccenter.com.br\\\/site\\\/\",\"logo\":{\"@type\":\"ImageObject\",\"inLanguage\":\"pt-BR\",\"@id\":\"https:\\\/\\\/bccenter.com.br\\\/site\\\/#\\\/schema\\\/logo\\\/image\\\/\",\"url\":\"https:\\\/\\\/bccenter.com.br\\\/site\\\/wp-content\\\/uploads\\\/2021\\\/01\\\/logo-bc-center.png\",\"contentUrl\":\"https:\\\/\\\/bccenter.com.br\\\/site\\\/wp-content\\\/uploads\\\/2021\\\/01\\\/logo-bc-center.png\",\"width\":433,\"height\":108,\"caption\":\"On The Road - Business Comunication\"},\"image\":{\"@id\":\"https:\\\/\\\/bccenter.com.br\\\/site\\\/#\\\/schema\\\/logo\\\/image\\\/\"},\"sameAs\":[\"https:\\\/\\\/www.facebook.com\\\/ontheroad.bccenter\",\"https:\\\/\\\/x.com\\\/ontheroadbcc\"]}]}<\/script>\n<!-- \/ Yoast SEO plugin. -->","yoast_head_json":{"title":"Preparat\u00f3rios Certifica\u00e7\u00e3o Internacional - Ingl\u00eas em Curitiba | On The Road Business Center","robots":{"index":"index","follow":"follow","max-snippet":"max-snippet:-1","max-image-preview":"max-image-preview:large","max-video-preview":"max-video-preview:-1"},"canonical":"https:\/\/bccenter.com.br\/site\/cursos-presenciais\/preparatorios-certificacao-internacional\/","og_locale":"pt_BR","og_type":"article","og_title":"Preparat\u00f3rios Certifica\u00e7\u00e3o Internacional - Ingl\u00eas em Curitiba | On The Road Business Center","og_description":"preparat\u00f3rios certifica\u00e7\u00e3o internacional Preparatory Package TOEFL ITP TOEFL IBT TOEIC TOEFL IELTS Cambridge Entre em contato!","og_url":"https:\/\/bccenter.com.br\/site\/cursos-presenciais\/preparatorios-certificacao-internacional\/?lang=en","og_site_name":"Ingl\u00eas em Curitiba | On The Road Business Center","article_publisher":"https:\/\/www.facebook.com\/ontheroad.bccenter","article_modified_time":"2025-01-17T16:58:34+00:00","og_image":[{"width":837,"height":430,"url":"https:\/\/bccenter.com.br\/site\/wp-content\/uploads\/2020\/12\/business-english-837x430-1.jpg","type":"image\/jpeg"}],"twitter_card":"summary_large_image","twitter_site":"@ontheroadbcc","twitter_misc":{"Est. tempo de leitura":"1 minuto"},"schema":{"@context":"https:\/\/schema.org","@graph":[{"@type":"WebPage","@id":"https:\/\/bccenter.com.br\/site\/cursos-presenciais\/preparatorios-certificacao-internacional\/?lang=en","url":"https:\/\/bccenter.com.br\/site\/cursos-presenciais\/preparatorios-certificacao-internacional\/?lang=en","name":"Preparat\u00f3rios Certifica\u00e7\u00e3o Internacional - Ingl\u00eas em Curitiba | On The Road Business Center","isPartOf":{"@id":"https:\/\/bccenter.com.br\/site\/#website"},"primaryImageOfPage":{"@id":"https:\/\/bccenter.com.br\/site\/cursos-presenciais\/preparatorios-certificacao-internacional\/?lang=en#primaryimage"},"image":{"@id":"https:\/\/bccenter.com.br\/site\/cursos-presenciais\/preparatorios-certificacao-internacional\/?lang=en#primaryimage"},"thumbnailUrl":"https:\/\/bccenter.com.br\/site\/wp-content\/uploads\/2020\/12\/business-english-837x430-1.jpg","datePublished":"2020-12-08T15:37:33+00:00","dateModified":"2025-01-17T16:58:34+00:00","breadcrumb":{"@id":"https:\/\/bccenter.com.br\/site\/cursos-presenciais\/preparatorios-certificacao-internacional\/?lang=en#breadcrumb"},"inLanguage":"pt-BR","potentialAction":[{"@type":"ReadAction","target":["https:\/\/bccenter.com.br\/site\/cursos-presenciais\/preparatorios-certificacao-internacional\/?lang=en"]}]},{"@type":"ImageObject","inLanguage":"pt-BR","@id":"https:\/\/bccenter.com.br\/site\/cursos-presenciais\/preparatorios-certificacao-internacional\/?lang=en#primaryimage","url":"https:\/\/bccenter.com.br\/site\/wp-content\/uploads\/2020\/12\/business-english-837x430-1.jpg","contentUrl":"https:\/\/bccenter.com.br\/site\/wp-content\/uploads\/2020\/12\/business-english-837x430-1.jpg","width":837,"height":430},{"@type":"BreadcrumbList","@id":"https:\/\/bccenter.com.br\/site\/cursos-presenciais\/preparatorios-certificacao-internacional\/?lang=en#breadcrumb","itemListElement":[{"@type":"ListItem","position":1,"name":"In\u00edcio","item":"https:\/\/bccenter.com.br\/site\/"},{"@type":"ListItem","position":2,"name":"Classroon Courses","item":"https:\/\/bccenter.com.br\/site\/cursos-presenciais\/?lang=en"},{"@type":"ListItem","position":3,"name":"Preparat\u00f3rios Certifica\u00e7\u00e3o Internacional"}]},{"@type":"WebSite","@id":"https:\/\/bccenter.com.br\/site\/#website","url":"https:\/\/bccenter.com.br\/site\/","name":"Ingl\u00eas em Curitiba | On The Road Business Center","description":"","publisher":{"@id":"https:\/\/bccenter.com.br\/site\/#organization"},"potentialAction":[{"@type":"SearchAction","target":{"@type":"EntryPoint","urlTemplate":"https:\/\/bccenter.com.br\/site\/?s={search_term_string}"},"query-input":{"@type":"PropertyValueSpecification","valueRequired":true,"valueName":"search_term_string"}}],"inLanguage":"pt-BR"},{"@type":"Organization","@id":"https:\/\/bccenter.com.br\/site\/#organization","name":"On The Road - Business Comunication","url":"https:\/\/bccenter.com.br\/site\/","logo":{"@type":"ImageObject","inLanguage":"pt-BR","@id":"https:\/\/bccenter.com.br\/site\/#\/schema\/logo\/image\/","url":"https:\/\/bccenter.com.br\/site\/wp-content\/uploads\/2021\/01\/logo-bc-center.png","contentUrl":"https:\/\/bccenter.com.br\/site\/wp-content\/uploads\/2021\/01\/logo-bc-center.png","width":433,"height":108,"caption":"On The Road - Business Comunication"},"image":{"@id":"https:\/\/bccenter.com.br\/site\/#\/schema\/logo\/image\/"},"sameAs":["https:\/\/www.facebook.com\/ontheroad.bccenter","https:\/\/x.com\/ontheroadbcc"]}]}},"_links":{"self":[{"href":"https:\/\/bccenter.com.br\/site\/wp-json\/wp\/v2\/pages\/887","targetHints":{"allow":["GET"]}}],"collection":[{"href":"https:\/\/bccenter.com.br\/site\/wp-json\/wp\/v2\/pages"}],"about":[{"href":"https:\/\/bccenter.com.br\/site\/wp-json\/wp\/v2\/types\/page"}],"author":[{"embeddable":true,"href":"https:\/\/bccenter.com.br\/site\/wp-json\/wp\/v2\/users\/1"}],"replies":[{"embeddable":true,"href":"https:\/\/bccenter.com.br\/site\/wp-json\/wp\/v2\/comments?post=887"}],"version-history":[{"count":0,"href":"https:\/\/bccenter.com.br\/site\/wp-json\/wp\/v2\/pages\/887\/revisions"}],"up":[{"embeddable":true,"href":"https:\/\/bccenter.com.br\/site\/wp-json\/wp\/v2\/pages\/883"}],"wp:attachment":[{"href":"https:\/\/bccenter.com.br\/site\/wp-json\/wp\/v2\/media?parent=887"}],"curies":[{"name":"wp","href":"https:\/\/api.w.org\/{rel}","templated":true}]}}